{"id":10192,"date":"2017-09-22T18:36:19","date_gmt":"2017-09-22T18:36:19","guid":{"rendered":"http:\/\/kruszwica.b2bpowergroup.com\/?post_type=product&#038;p=10192"},"modified":"2022-07-27T10:35:38","modified_gmt":"2022-07-27T10:35:38","slug":"universa-80","status":"publish","type":"product","link":"https:\/\/kruszwicapro.com\/cs\/obchod\/margaryny\/universa-80\/","title":{"rendered":"Universa 80%"},"content":{"rendered":"Margar\u00edn je ur\u010den\u00fd na pe\u010den\u00ed a tak\u00e9 k v\u00fdrob\u011b n\u00e1pln\u00ed, kr\u00e9m\u016f a cukr\u00e1\u0159sk\u00fdch hmot.\r\n\r\nDob\u0159e provzdu\u0161\u0148uje t\u011bsta a zaji\u0161\u0165uje jim objem a tak\u00e9 vhodnou strukturu. D\u00e1le v\u00fdrazn\u011b posiluje propojov\u00e1n\u00ed jednotliv\u00fdch slo\u017eek hmoty.\r\n\r\n<ul>\r\n \t\r\n\t<li><strong>Dobr\u00e9 vlastnosti provzdu\u0161\u0148ov\u00e1n\u00ed (aerace)<\/strong><\/li>\r\n\r\n \t\r\n\t<li><strong>Snadno se propojuje s ostatn\u00edmi ingrediencemi<\/strong><\/li>\r\n\r\n \t\r\n\t<li><strong>Vhodn\u00e1 struktura cukr\u00e1\u0159sk\u00fdch a peka\u0159sk\u00fdch v\u00fdrobk\u016f<\/strong><\/li>\r\n<\/ul>","protected":false},"excerpt":{"rendered":"<p>Margar\u00edn je ur\u010den\u00fd na pe\u010den\u00ed a tak\u00e9 k v\u00fdrob\u011b n\u00e1pln\u00ed, kr\u00e9m\u016f a cukr\u00e1\u0159sk\u00fdch hmot.<\/p>\n","protected":false},"featured_media":10180,"template":"","meta":[],"product_brand":[],"product_cat":[58],"product_tag":[368],"class_list":{"0":"post-10192","1":"product","2":"type-product","3":"status-publish","4":"has-post-thumbnail","6":"product_cat-margaryny","7":"product_tag-na-peceni","8":"pa_clean-label-nie","9":"pa_consistency-stala","10":"pa_fat-content-tluszcz-80","11":"pa_fat-used-kokosowy","12":"pa_fat-used-rzepakowy","13":"pa_fat-used-palmowy","14":"pa_free-from-preservatives-tak","15":"pa_packaging-karton","16":"pa_quantity-kg-2x5","17":"pa_rspo-certificate-nie","18":"pa_segment-standard","19":"pa_tfa-tfa-2","20":"pa_with-added-butter-nie","21":"pa_with-colorant-tak","22":"pa_without-hydrogenated-fats-nie","24":"first","25":"instock","26":"shipping-taxable","27":"product-type-simple"},"_links":{"self":[{"href":"https:\/\/kruszwicapro.com\/cs\/wp-json\/wp\/v2\/product\/10192","targetHints":{"allow":["GET"]}}],"collection":[{"href":"https:\/\/kruszwicapro.com\/cs\/wp-json\/wp\/v2\/product"}],"about":[{"href":"https:\/\/kruszwicapro.com\/cs\/wp-json\/wp\/v2\/types\/product"}],"wp:featuredmedia":[{"embeddable":true,"href":"https:\/\/kruszwicapro.com\/cs\/wp-json\/wp\/v2\/media\/10180"}],"wp:attachment":[{"href":"https:\/\/kruszwicapro.com\/cs\/wp-json\/wp\/v2\/media?parent=10192"}],"wp:term":[{"taxonomy":"product_brand","embeddable":true,"href":"https:\/\/kruszwicapro.com\/cs\/wp-json\/wp\/v2\/product_brand?post=10192"},{"taxonomy":"product_cat","embeddable":true,"href":"https:\/\/kruszwicapro.com\/cs\/wp-json\/wp\/v2\/product_cat?post=10192"},{"taxonomy":"product_tag","embeddable":true,"href":"https:\/\/kruszwicapro.com\/cs\/wp-json\/wp\/v2\/product_tag?post=10192"}],"curies":[{"name":"wp","href":"https:\/\/api.w.org\/{rel}","templated":true}]}}