{"id":10191,"date":"2017-10-30T17:32:20","date_gmt":"2017-10-30T17:32:20","guid":{"rendered":"http:\/\/kruszwica.b2bpowergroup.com\/?post_type=product&#038;p=10191"},"modified":"2022-07-27T09:51:51","modified_gmt":"2022-07-27T09:51:51","slug":"maestra-with-butter-essence-delicate-puff-pastry-mb","status":"publish","type":"product","link":"https:\/\/kruszwicapro.com\/cs\/obchod\/margaryny\/maestra-with-butter-essence-delicate-puff-pastry-mb\/","title":{"rendered":"Maestra Delicate s esenc\u00ed m\u00e1sla Puff Pastry MB"},"content":{"rendered":"<div class=\"wpb-content-wrapper\"><p>[vc_row][vc_column][vc_column_text]<\/p>\r\n<p>Margar\u00edn na listov\u00e1 t\u011bsta, kter\u00fd d\u00e1v\u00e1 v\u00fdrobk\u016fm m\u00e1slovou chu\u0165 a v\u016fni a tak\u00e9 skv\u011bl\u00fd v\u00fdsledek listov\u00e1n\u00ed t\u011bsta. Bohat\u00fd na beta karoten, kter\u00fd mu d\u00e1v\u00e1 charakteristickou v\u00fdjime\u010dnou barvu. Neobsahuje ztu\u017een\u00e9 tuky, konzervanty a um\u011bl\u00e1 aromata, za to obohacuje v\u00fdrobky p\u0159\u00edrodn\u00ed m\u00e1slovou v\u016fn\u00ed a chut\u00ed. Skv\u011bl\u00e1 textura, kter\u00e1 znemo\u017e\u0148uje prask\u00e1n\u00ed t\u011bsta b\u011bhem p\u0159\u00edpravy.<\/p>\r\n<ul>\r\n\t<li><strong>M\u00e1slov\u00e1 chu\u0165 a v\u016fn\u011b v\u00fdrobk\u016f<\/strong><\/li>\r\n\t<li><strong>Spr\u00e1vn\u00e9 v\u00e1len\u00ed a smot\u00e1v\u00e1n\u00ed bez nalomen\u00ed a prask\u00e1n\u00ed vrstev t\u011bsta<\/strong><\/li>\r\n\t<li><strong>N\u00e1dhern\u00fd efekt listov\u00e1n\u00ed t\u011bsta<\/strong><\/li>\r\n\t<li><strong>P\u0159im\u011b\u0159en\u00e9 vykynut\u00ed a tvar v\u00fdrobk\u016f po upe\u010den\u00ed<\/strong><\/li>\r\n\t<li><strong>V\u00fdborn\u011b se hod\u00ed pro mechanick\u00e9 a ru\u010dn\u00ed zpracov\u00e1n\u00ed<\/strong><\/li>\r\n<\/ul>\r\n<p><strong><img loading=\"lazy\" decoding=\"async\" class=\"alignnone wp-image-10493 size-full\" src=\"https:\/\/kruszwicapro.com\/wp-content\/uploads\/2017\/09\/ico_mb.png\" alt=\"\" width=\"64\" height=\"64\" \/><\/strong><strong>MASS BALANCE <\/strong> Z\u00edsk\u00e1v\u00e1n\u00ed oleje z palmy je kontroverzn\u00ed z d\u016fvodu bl\u00edzk\u00e9ho spojen\u00ed s ileg\u00e1ln\u00edm k\u00e1cen\u00edm de\u0161tn\u00fdch prales\u016f pro p\u011bstov\u00e1n\u00ed olejn\u00fdch palem. Jsme l\u00eddrem na trhu olej\u016f a rostlinn\u00fdch tuk\u016f, proto c\u00edt\u00edme zodpov\u011bdnost za udr\u017eiteln\u00fd rozvoj zem\u011bd\u011blstv\u00ed. Spolupracujeme s dodavateli palmov\u00e9ho oleje z plant\u00e1\u017e\u00ed, kter\u00e9 nep\u0159isp\u00edvaj\u00ed k ni\u010den\u00ed p\u0159\u00edrodn\u00edch ekosyst\u00e9m\u016f a tak\u00e9 negativn\u011b neovliv\u0148uj\u00ed obyvatelstvo z dan\u00e9 oblasti. Podporujeme koncepci syst\u00e9mu certifikace v\u00fdrobk\u016f The Roundtable on Sustainable Palma Oil (RSPO). Dod\u00e1v\u00e1me v\u00fdrobky obsahuj\u00edc\u00ed palmov\u00fd olej v syst\u00e9mu Mass Balance a tak\u00e9 v syst\u00e9mu Segregate.<\/p>\r\n<p>[\/vc_column_text][\/vc_column][\/vc_row]<\/p><\/div>","protected":false},"excerpt":{"rendered":"<p>Margar\u00edn na listov\u00e1 t\u011bsta, kter\u00fd d\u00e1v\u00e1 v\u00fdrobk\u016fm m\u00e1slovou chu\u0165 a v\u016fni a tak\u00e9 skv\u011bl\u00fd v\u00fdsledek listov\u00e1n\u00ed t\u011bsta.<\/p>\n[simple_tooltip content='V\u00fdrobek neobsahuje ztu\u017een\u00e9 tuky']<img loading=\"lazy\" decoding=\"async\" class=\"alignnone wp-image-10493 size-full\" src=\"https:\/\/kruszwicapro.com\/wp-content\/uploads\/2017\/09\/ico_nh.png\" alt=\"\" width=\"64\" height=\"64\" \/>[\/simple_tooltip]\n[simple_tooltip content='Pro v\u00fdrobu byl pou\u017eit\u00fd certifikovan\u00fd palmov\u00fd olej v syst\u00e9mu Mass Balance']<img loading=\"lazy\" decoding=\"async\" class=\"alignnone wp-image-10493 size-full\" src=\"https:\/\/kruszwicapro.com\/wp-content\/uploads\/2017\/09\/ico_mb.png\" alt=\"\" width=\"64\" height=\"64\" \/>[\/simple_tooltip]\n[simple_tooltip content='V\u00fdrobek s m\u00e1slem']<img loading=\"lazy\" decoding=\"async\" class=\"alignnone wp-image-10493 size-full\" src=\"https:\/\/kruszwicapro.com\/wp-content\/uploads\/2018\/03\/ico_butter.png\" alt=\"\" width=\"64\" height=\"64\" \/>[\/simple_tooltip]\n","protected":false},"featured_media":10164,"template":"","meta":[],"product_brand":[],"product_cat":[58],"product_tag":[162],"class_list":{"0":"post-10191","1":"product","2":"type-product","3":"status-publish","4":"has-post-thumbnail","6":"product_cat-margaryny","7":"product_tag-do-ciast-listkujacych","8":"pa_clean-label-nie","9":"pa_consistency-stala","10":"pa_fat-content-tluszcz-80","11":"pa_fat-used-kokosowy","12":"pa_fat-used-skoncentrowane-maslo-5","13":"pa_fat-used-rzepakowy","14":"pa_fat-used-palmowy","15":"pa_free-from-preservatives-tak","16":"pa_packaging-karton","17":"pa_quantity-kg-5x2","18":"pa_rspo-certificate-tak","19":"pa_segment-premium","20":"pa_tfa-tfa-1","21":"pa_with-added-butter-tak","22":"pa_with-colorant-tak","23":"pa_without-hydrogenated-fats-tak","25":"first","26":"instock","27":"shipping-taxable","28":"product-type-simple"},"_links":{"self":[{"href":"https:\/\/kruszwicapro.com\/cs\/wp-json\/wp\/v2\/product\/10191","targetHints":{"allow":["GET"]}}],"collection":[{"href":"https:\/\/kruszwicapro.com\/cs\/wp-json\/wp\/v2\/product"}],"about":[{"href":"https:\/\/kruszwicapro.com\/cs\/wp-json\/wp\/v2\/types\/product"}],"wp:featuredmedia":[{"embeddable":true,"href":"https:\/\/kruszwicapro.com\/cs\/wp-json\/wp\/v2\/media\/10164"}],"wp:attachment":[{"href":"https:\/\/kruszwicapro.com\/cs\/wp-json\/wp\/v2\/media?parent=10191"}],"wp:term":[{"taxonomy":"product_brand","embeddable":true,"href":"https:\/\/kruszwicapro.com\/cs\/wp-json\/wp\/v2\/product_brand?post=10191"},{"taxonomy":"product_cat","embeddable":true,"href":"https:\/\/kruszwicapro.com\/cs\/wp-json\/wp\/v2\/product_cat?post=10191"},{"taxonomy":"product_tag","embeddable":true,"href":"https:\/\/kruszwicapro.com\/cs\/wp-json\/wp\/v2\/product_tag?post=10191"}],"curies":[{"name":"wp","href":"https:\/\/api.w.org\/{rel}","templated":true}]}}