{"id":10189,"date":"2017-10-25T12:52:58","date_gmt":"2017-10-25T12:52:58","guid":{"rendered":"http:\/\/kruszwica.b2bpowergroup.com\/?post_type=product&#038;p=10189"},"modified":"2022-10-19T11:09:48","modified_gmt":"2022-10-19T11:09:48","slug":"selecta-mb","status":"publish","type":"product","link":"https:\/\/kruszwicapro.com\/cs\/obchod\/margaryny\/selecta-mb\/","title":{"rendered":"Selecta MB"},"content":{"rendered":"<div class=\"wpb-content-wrapper\"><p>[vc_row][vc_column][vc_column_text]<\/p>\r\n<p>Selecta MB je prvn\u00ed profesion\u00e1ln\u00ed margar\u00edn dostupn\u00fd na trhu bez p\u0159\u00eddatn\u00fdch l\u00e1tek , ur\u010den\u00fd k cukr\u00e1\u0159sk\u00fdm v\u00fdrobk\u016fm. V\u00fdrobek m\u00e1 &#8222;\u010dist\u00e9 a kr\u00e1tk\u00e9 slo\u017een\u00ed&#8220;, zalo\u017een\u00e9 na t\u0159ech ingredienc\u00edch: \u0159epkov\u00e9m oleji, palmov\u00e9m tuku, vod\u011b. Neobsahuje konzervanty a barviva. Ur\u010den\u00fd na pe\u010den\u00ed a k v\u00fdrob\u011b kr\u00e9m\u016f. Univerz\u00e1ln\u00ed margar\u00edn slo\u017een\u00fd z minim\u00e1ln\u00edho po\u010dtu ingredienc\u00ed: palmov\u00e9ho tuku, \u0159epkov\u00e9ho oleje a vody. Vybran\u00e1 receptura v\u00fdrazn\u011b omezuje d\u00e9lku slo\u017een\u00ed hotov\u00e9ho v\u00fdrobku.Bez p\u0159\u00eddatn\u00fdch l\u00e1tek.<\/p>\r\n<ul>\r\n\t<li><strong>Pouze 3 slo\u017eky receptury<\/strong><\/li>\r\n\t<li><strong>Bez konzervant\u016f, aromat, barviv a tak\u00e9 soli<\/strong><\/li>\r\n\t<li><strong>Bez ztu\u017een\u00fdch tuk\u016f &#8211; NH<\/strong><\/li>\r\n\t<li><strong>Vhodn\u00e1 plasti\u010dnost \u2013 z\u00e1ruka v\u00fdrobk\u016f s velk\u00fdm objemem<\/strong><\/li>\r\n\t<li><strong>Pevn\u00e1 struktura d\u00edky skv\u011bl\u00fdm vlastnostem provzdu\u0161\u0148ov\u00e1n\u00ed (aerace)<\/strong><\/li>\r\n\t<li><strong>Propojen\u00ed vlastnost\u00ed margar\u00ednu na pe\u010den\u00ed \u0161irok\u00e9ho spektra v\u00fdrobk\u016f a vlastnost\u00ed kr\u00e9mov\u00e9ho margar\u00ednu<\/strong><\/li>\r\n<\/ul>\r\n<p>&nbsp;<\/p>\r\n<p class=\"p1\"><b><img loading=\"lazy\" decoding=\"async\" class=\"alignnone wp-image-10494 size-full\" src=\"https:\/\/kruszwicapro.com\/wp-content\/uploads\/2017\/09\/ico_nh.png\" alt=\"\" width=\"64\" height=\"64\" \/>NEZTU\u017dEN\u00c9 TUKY \u2013 NOV\u00c1 KVALITA TUK\u016e<\/b><\/p>\r\n<p>V potravin\u00e1\u0159sk\u00e9m n\u00e1zvoslov\u00ed jsou \u010dasto paraleln\u011b pou\u017e\u00edv\u00e1ny v\u00fdrazy: ztu\u017een\u00e9, \u010d\u00e1ste\u010dn\u011b ztu\u017een\u00e9 nebo \u010d\u00e1ste\u010dn\u011b hydrogenovan\u00e9 tuky. V\u0161echny n\u00e1zvy se t\u00fdkaj\u00ed stejn\u00e9 ingredience \u2013 tuku, jen\u017e v procesu \u010d\u00e1ste\u010dn\u00e9ho ztu\u017eov\u00e1n\u00ed z\u00edsk\u00e1v\u00e1 pevnou texturu. D\u016fsledkem \u010d\u00e1ste\u010dn\u00e9ho ztu\u017eov\u00e1n\u00ed olej\u016f m\u016f\u017ee b\u00fdt tvorba transmastn\u00fdch kyselin nep\u0159\u00edzniv\u00fdch pro zdrav\u00ed. Modern\u00ed metodou z\u00edsk\u00e1v\u00e1n\u00ed tuk\u016f s pevnou konzistenc\u00ed je esterifikace. B\u011bhem tohoto procesu nedoch\u00e1z\u00ed k negativn\u00edm prom\u011bn\u00e1m mastn\u00fdch kyselin na trans-izomery. Esterifikac\u00ed olej\u016f se vyr\u00e1b\u00ed kvalitn\u00ed tuky, obsahuj\u00edc\u00ed stopov\u00e9 mno\u017estv\u00ed trans-izomer\u016f (&lt; 1 %) a odpov\u00eddaj\u00edc\u00ed modern\u00edm nutri\u010dn\u00edm doporu\u010den\u00edm. <strong><img loading=\"lazy\" decoding=\"async\" class=\"alignnone wp-image-10493 size-full\" src=\"https:\/\/kruszwicapro.com\/wp-content\/uploads\/2017\/09\/ico_mb.png\" alt=\"\" width=\"64\" height=\"64\" \/><\/strong><strong>MASS BALANCE <\/strong> Z\u00edsk\u00e1v\u00e1n\u00ed oleje z palmy je kontroverzn\u00ed z d\u016fvodu bl\u00edzk\u00e9ho spojen\u00ed s ileg\u00e1ln\u00edm k\u00e1cen\u00edm de\u0161tn\u00fdch prales\u016f pro p\u011bstov\u00e1n\u00ed olejn\u00fdch palem. Jsme l\u00eddrem na trhu olej\u016f a rostlinn\u00fdch tuk\u016f, proto c\u00edt\u00edme zodpov\u011bdnost za udr\u017eiteln\u00fd rozvoj zem\u011bd\u011blstv\u00ed. Spolupracujeme s dodavateli palmov\u00e9ho oleje z plant\u00e1\u017e\u00ed, kter\u00e9 nep\u0159isp\u00edvaj\u00ed k ni\u010den\u00ed p\u0159\u00edrodn\u00edch ekosyst\u00e9m\u016f a tak\u00e9 negativn\u011b neovliv\u0148uj\u00ed obyvatelstvo z dan\u00e9 oblasti. Podporujeme koncepci syst\u00e9mu certifikace v\u00fdrobk\u016f The Roundtable on Sustainable Palma Oil (RSPO). Dod\u00e1v\u00e1me v\u00fdrobky obsahuj\u00edc\u00ed palmov\u00fd olej v syst\u00e9mu Mass Balance a tak\u00e9 v syst\u00e9mu Segregate.<\/p>\r\n<p>[\/vc_column_text][\/vc_column][\/vc_row]<\/p><\/div>","protected":false},"excerpt":{"rendered":"<p>Selecta MB je prvn\u00ed profesion\u00e1ln\u00ed margar\u00edn dostupn\u00fd na trhu bez p\u0159\u00eddatn\u00fdch l\u00e1tek , ur\u010den\u00fd k cukr\u00e1\u0159sk\u00fdm v\u00fdrobk\u016fm. V\u00fdrobek m\u00e1 &#8222;\u010dist\u00e9 a kr\u00e1tk\u00e9 slo\u017een\u00ed&#8220;, zalo\u017een\u00e9 na t\u0159ech ingredienc\u00edch: \u0159epkov\u00e9m oleji, palmov\u00e9m tuku, vod\u011b. Neobsahuje konzervanty a barviva.<\/p>\n[simple_tooltip content='V\u00fdrobek neobsahuje ztu\u017een\u00e9 tuky']<img loading=\"lazy\" decoding=\"async\" class=\"alignnone wp-image-10493 size-full\" src=\"https:\/\/kruszwicapro.com\/wp-content\/uploads\/2017\/09\/ico_nh.png\" alt=\"\" width=\"64\" height=\"64\" \/>[\/simple_tooltip]\n[simple_tooltip content='Pro v\u00fdrobu byl pou\u017eit\u00fd certifikovan\u00fd palmov\u00fd olej v syst\u00e9mu Mass Balance']<img loading=\"lazy\" decoding=\"async\" class=\"alignnone wp-image-10493 size-full\" src=\"https:\/\/kruszwicapro.com\/wp-content\/uploads\/2017\/09\/ico_mb.png\" alt=\"\" width=\"64\" height=\"64\" \/>[\/simple_tooltip]\n[simple_tooltip content='V\u00fdrobek bez konzervant\u016f, barviv a aromat. Obsahuje pouze 3 slo\u017eky']<img loading=\"lazy\" decoding=\"async\" class=\"alignnone wp-image-10493 size-full\" src=\"https:\/\/kruszwicapro.com\/wp-content\/uploads\/2018\/03\/ico_short.png\" alt=\"\" width=\"64\" height=\"64\" \/>[\/simple_tooltip]\n","protected":false},"featured_media":10177,"template":"","meta":[],"product_brand":[],"product_cat":[58],"product_tag":[371,368],"class_list":{"0":"post-10189","1":"product","2":"type-product","3":"status-publish","4":"has-post-thumbnail","6":"product_cat-margaryny","7":"product_tag-do-kremu","8":"product_tag-na-peceni","9":"pa_clean-label-tak","10":"pa_consistency-stala","11":"pa_fat-content-tluszcz-80","12":"pa_fat-used-rzepakowy","13":"pa_fat-used-palmowy","14":"pa_free-from-preservatives-tak","15":"pa_packaging-karton","16":"pa_quantity-kg-141","17":"pa_rspo-certificate-tak","18":"pa_segment-premium","19":"pa_tfa-tfa-1","20":"pa_with-added-butter-nie","21":"pa_with-colorant-nie","22":"pa_without-hydrogenated-fats-tak","24":"first","25":"instock","26":"shipping-taxable","27":"product-type-simple"},"_links":{"self":[{"href":"https:\/\/kruszwicapro.com\/cs\/wp-json\/wp\/v2\/product\/10189","targetHints":{"allow":["GET"]}}],"collection":[{"href":"https:\/\/kruszwicapro.com\/cs\/wp-json\/wp\/v2\/product"}],"about":[{"href":"https:\/\/kruszwicapro.com\/cs\/wp-json\/wp\/v2\/types\/product"}],"wp:featuredmedia":[{"embeddable":true,"href":"https:\/\/kruszwicapro.com\/cs\/wp-json\/wp\/v2\/media\/10177"}],"wp:attachment":[{"href":"https:\/\/kruszwicapro.com\/cs\/wp-json\/wp\/v2\/media?parent=10189"}],"wp:term":[{"taxonomy":"product_brand","embeddable":true,"href":"https:\/\/kruszwicapro.com\/cs\/wp-json\/wp\/v2\/product_brand?post=10189"},{"taxonomy":"product_cat","embeddable":true,"href":"https:\/\/kruszwicapro.com\/cs\/wp-json\/wp\/v2\/product_cat?post=10189"},{"taxonomy":"product_tag","embeddable":true,"href":"https:\/\/kruszwicapro.com\/cs\/wp-json\/wp\/v2\/product_tag?post=10189"}],"curies":[{"name":"wp","href":"https:\/\/api.w.org\/{rel}","templated":true}]}}