{"id":10188,"date":"2017-10-29T12:44:08","date_gmt":"2017-10-29T12:44:08","guid":{"rendered":"http:\/\/kruszwica.b2bpowergroup.com\/?post_type=product&#038;p=10188"},"modified":"2022-07-26T11:13:24","modified_gmt":"2022-07-26T11:13:24","slug":"maestra-kremowa-white-mb","status":"publish","type":"product","link":"https:\/\/kruszwicapro.com\/cs\/obchod\/margaryny\/maestra-kremowa-white-mb\/","title":{"rendered":"Maestra Kr\u00e9mov\u00e1 White MB"},"content":{"rendered":"<div class=\"wpb-content-wrapper\"><p>[vc_row][vc_column][vc_column_text]<\/p>\r\n<p>Ide\u00e1ln\u00ed margar\u00edn do b\u00edl\u00fdch kr\u00e9mov\u00fdch hmot a tak\u00e9 k libovoln\u00e9 interpretaci \u2013 nenaru\u0161uje barvu a v\u016fni fin\u00e1ln\u00edho v\u00fdrobku.<\/p>\r\n<p>Je to margar\u00edn s \u00fapln\u011b neutr\u00e1ln\u00ed chut\u00ed a v\u016fn\u00ed. D\u00edky b\u00edl\u00e9 barv\u011b a neutr\u00e1ln\u00ed chuti neovliv\u0148uje chu\u0165 a barvu fin\u00e1ln\u00edho v\u00fdrobku. Snadn\u011bji a rychleji rozn\u00e1\u0161\u00ed barvu. Margar\u00edn vhodn\u011b provzdu\u0161\u0148uje kr\u00e9movou hmotu a skv\u011ble se propojuje se v\u0161emi jej\u00edmi slo\u017ekami.<\/p>\r\n<ul>\r\n\t<li><strong>Bez konzervant\u016f a um\u011bl\u00fdch barviv<\/strong><\/li>\r\n\t<li><strong>Stabiln\u00ed konzistence kr\u00e9mu<\/strong><\/li>\r\n\t<li><strong>Dokonal\u00e9 provzdu\u0161n\u011bn\u00ed<\/strong><\/li>\r\n\t<li><strong>Velmi snadno se propojuje s ostatn\u00edmi slo\u017ekami kr\u00e9mu<\/strong><\/li>\r\n<\/ul>\r\n<p>&nbsp;<\/p>\r\n<p><img loading=\"lazy\" decoding=\"async\" class=\"alignnone wp-image-10493 size-full\" src=\"https:\/\/kruszwicapro.com\/wp-content\/uploads\/2017\/09\/ico_mb.png\" alt=\"\" width=\"64\" height=\"64\" \/><strong>MASS BALANCE<\/strong><\/p>\r\n<p class=\"p1\">Z\u00edsk\u00e1v\u00e1n\u00ed oleje z palmy je kontroverzn\u00ed z d\u016fvodu bl\u00edzk\u00e9ho spojen\u00ed s ileg\u00e1ln\u00edm k\u00e1cen\u00edm de\u0161tn\u00fdch prales\u016f pro p\u011bstov\u00e1n\u00ed olejn\u00fdch palem. Jsme l\u00eddrem na trhu olej\u016f a rostlinn\u00fdch tuk\u016f, proto c\u00edt\u00edme zodpov\u011bdnost za udr\u017eiteln\u00fd rozvoj zem\u011bd\u011blstv\u00ed. Spolupracujeme s dodavateli palmov\u00e9ho oleje z plant\u00e1\u017e\u00ed, kter\u00e9 nep\u0159isp\u00edvaj\u00ed k ni\u010den\u00ed p\u0159\u00edrodn\u00edch ekosyst\u00e9m\u016f a tak\u00e9 negativn\u011b neovliv\u0148uj\u00ed obyvatelstvo z dan\u00e9 oblasti. Podporujeme koncepci syst\u00e9mu certifikace v\u00fdrobk\u016f The Roundtable on Sustainable Palma Oil (RSPO). Dod\u00e1v\u00e1me v\u00fdrobky obsahuj\u00edc\u00ed palmov\u00fd olej v syst\u00e9mu Mass Balance a tak\u00e9 v syst\u00e9mu Segregate.<\/p>\r\n<p>[\/vc_column_text][\/vc_column][\/vc_row]<\/p><\/div>","protected":false},"excerpt":{"rendered":"<p>Ide\u00e1ln\u00ed margar\u00edn do b\u00edl\u00fdch kr\u00e9mov\u00fdch hmot a tak\u00e9 k libovoln\u00e9 interpretaci \u2013 nenaru\u0161uje barvu a v\u016fni fin\u00e1ln\u00edho v\u00fdrobku.<\/p>\n[simple_tooltip content='V\u00fdrobek neobsahuje barviva']<img loading=\"lazy\" decoding=\"async\" class=\"alignnone wp-image-10493 size-full\" src=\"https:\/\/kruszwicapro.com\/wp-content\/uploads\/2017\/09\/ico_white.png\" alt=\"\" width=\"64\" height=\"64\" \/>[\/simple_tooltip]\n[simple_tooltip content='Pro v\u00fdrobu byl pou\u017eit\u00fd certifikovan\u00fd palmov\u00fd olej v syst\u00e9mu Mass Balance']<img loading=\"lazy\" decoding=\"async\" class=\"alignnone wp-image-10493 size-full\" src=\"https:\/\/kruszwicapro.com\/wp-content\/uploads\/2017\/09\/ico_mb.png\" alt=\"\" width=\"64\" height=\"64\" \/>[\/simple_tooltip]\n","protected":false},"featured_media":10166,"template":"","meta":[],"product_brand":[],"product_cat":[58],"product_tag":[371],"class_list":{"0":"post-10188","1":"product","2":"type-product","3":"status-publish","4":"has-post-thumbnail","6":"product_cat-margaryny","7":"product_tag-do-kremu","8":"pa_clean-label-nie","9":"pa_consistency-stala","10":"pa_fat-content-tluszcz-80","11":"pa_fat-used-kokosowy","12":"pa_fat-used-rzepakowy","13":"pa_fat-used-palmowy","14":"pa_free-from-preservatives-tak","15":"pa_packaging-karton","16":"pa_quantity-kg-2x5","17":"pa_rspo-certificate-tak","18":"pa_segment-premium","19":"pa_tfa-tfa-2","20":"pa_with-added-butter-nie","21":"pa_with-colorant-nie","22":"pa_without-hydrogenated-fats-nie","24":"first","25":"instock","26":"shipping-taxable","27":"product-type-simple"},"_links":{"self":[{"href":"https:\/\/kruszwicapro.com\/cs\/wp-json\/wp\/v2\/product\/10188","targetHints":{"allow":["GET"]}}],"collection":[{"href":"https:\/\/kruszwicapro.com\/cs\/wp-json\/wp\/v2\/product"}],"about":[{"href":"https:\/\/kruszwicapro.com\/cs\/wp-json\/wp\/v2\/types\/product"}],"wp:featuredmedia":[{"embeddable":true,"href":"https:\/\/kruszwicapro.com\/cs\/wp-json\/wp\/v2\/media\/10166"}],"wp:attachment":[{"href":"https:\/\/kruszwicapro.com\/cs\/wp-json\/wp\/v2\/media?parent=10188"}],"wp:term":[{"taxonomy":"product_brand","embeddable":true,"href":"https:\/\/kruszwicapro.com\/cs\/wp-json\/wp\/v2\/product_brand?post=10188"},{"taxonomy":"product_cat","embeddable":true,"href":"https:\/\/kruszwicapro.com\/cs\/wp-json\/wp\/v2\/product_cat?post=10188"},{"taxonomy":"product_tag","embeddable":true,"href":"https:\/\/kruszwicapro.com\/cs\/wp-json\/wp\/v2\/product_tag?post=10188"}],"curies":[{"name":"wp","href":"https:\/\/api.w.org\/{rel}","templated":true}]}}