{"id":10187,"date":"2017-10-28T12:43:06","date_gmt":"2017-10-28T12:43:06","guid":{"rendered":"http:\/\/kruszwica.b2bpowergroup.com\/?post_type=product&#038;p=10187"},"modified":"2022-07-26T11:16:21","modified_gmt":"2022-07-26T11:16:21","slug":"maestra-kremowa-nh-mb","status":"publish","type":"product","link":"https:\/\/kruszwicapro.com\/cs\/obchod\/margaryny\/maestra-kremowa-nh-mb\/","title":{"rendered":"Maestra Kr\u00e9mov\u00e1 NH MB"},"content":{"rendered":"<div class=\"wpb-content-wrapper\"><p>[vc_row][vc_column][vc_column_text]<\/p>\r\n<p>Margar\u00edn Maestra Kr\u00e9mov\u00e1 NH MB je skv\u011blou volbou pro v\u0161echny cukr\u00e1\u0159e, kte\u0159\u00ed maj\u00ed z\u00e1jem o p\u0159\u00edpravu nad\u00fdchan\u00fdch kr\u00e9m\u016f, n\u00e1pln\u00ed, dezert\u016f a cukr\u00e1\u0159sk\u00fdch hmot se stabiln\u00ed texturou. Neobsahuje ztu\u017een\u00e9 tuky ani konzervanty a um\u011bl\u00e1 aromata. Zaji\u0161\u0165uje skv\u011blou kompozici se v\u0161emi, zvl\u00e1\u0161t\u011b ml\u00e9\u010dn\u00fdmi slo\u017ekami kr\u00e9m\u016f a dokonale provzdu\u0161\u0148uje p\u0159ipraven\u00fd kr\u00e9m.<\/p>\r\n<ul>\r\n\t<li><strong>Bez ztu\u017een\u00fdch tuk\u016f \u2013 NH<\/strong><\/li>\r\n\t<li><strong>Bez konzervant\u016f a um\u011bl\u00fdch barviv<\/strong><\/li>\r\n\t<li><strong>Stabiln\u00ed konzistence kr\u00e9mu<\/strong><\/li>\r\n\t<li><strong>Dokonal\u00e9 provzdu\u0161n\u011bn\u00ed<\/strong><\/li>\r\n\t<li><strong>Velmi snadno se propojuje s ostatn\u00edmi slo\u017ekami kr\u00e9mu<\/strong><\/li>\r\n<\/ul>\r\n<p>&nbsp;<\/p>\r\n<p class=\"p1\"><b><img loading=\"lazy\" decoding=\"async\" class=\"alignnone wp-image-10494 size-full\" src=\"https:\/\/kruszwicapro.com\/wp-content\/uploads\/2017\/09\/ico_nh.png\" alt=\"\" width=\"64\" height=\"64\" \/>NEZTU\u017dEN\u00c9 TUKY \u2013 NOV\u00c1 KVALITA TUK\u016e<\/b><\/p>\r\n<p class=\"p1\">V potravin\u00e1\u0159sk\u00e9m n\u00e1zvoslov\u00ed jsou \u010dasto paraleln\u011b pou\u017e\u00edv\u00e1ny v\u00fdrazy: ztu\u017een\u00e9, \u010d\u00e1ste\u010dn\u011b ztu\u017een\u00e9 nebo \u010d\u00e1ste\u010dn\u011b hydrogenovan\u00e9 tuky. V\u0161echny n\u00e1zvy se t\u00fdkaj\u00ed stejn\u00e9 ingredience \u2013 tuku, jen\u017e v procesu \u010d\u00e1ste\u010dn\u00e9ho ztu\u017eov\u00e1n\u00ed z\u00edsk\u00e1v\u00e1 pevnou texturu. D\u016fsledkem \u010d\u00e1ste\u010dn\u00e9ho ztu\u017eov\u00e1n\u00ed olej\u016f m\u016f\u017ee b\u00fdt tvorba transmastn\u00fdch kyselin nep\u0159\u00edzniv\u00fdch pro zdrav\u00ed.<\/p>\r\n<p class=\"p1\">Modern\u00ed metodou z\u00edsk\u00e1v\u00e1n\u00ed tuk\u016f s pevnou konzistenc\u00ed je esterifikace. B\u011bhem tohoto procesu nedoch\u00e1z\u00ed k negativn\u00edm prom\u011bn\u00e1m mastn\u00fdch kyselin na trans-izomery. Esterifikac\u00ed olej\u016f se vyr\u00e1b\u00ed kvalitn\u00ed tuky, obsahuj\u00edc\u00ed stopov\u00e9 mno\u017estv\u00ed trans-izomer\u016f (&lt; 1 %) a odpov\u00eddaj\u00edc\u00ed modern\u00edm nutri\u010dn\u00edm doporu\u010den\u00edm.<\/p>\r\n<p class=\"p1\"><strong><img loading=\"lazy\" decoding=\"async\" class=\"alignnone wp-image-10493 size-full\" src=\"https:\/\/kruszwicapro.com\/wp-content\/uploads\/2017\/09\/ico_mb.png\" alt=\"\" width=\"64\" height=\"64\" \/>MASS BALANCE<\/strong><\/p>\r\n<p>Z\u00edsk\u00e1v\u00e1n\u00ed oleje z palmy je kontroverzn\u00ed z d\u016fvodu bl\u00edzk\u00e9ho spojen\u00ed s ileg\u00e1ln\u00edm k\u00e1cen\u00edm de\u0161tn\u00fdch prales\u016f pro p\u011bstov\u00e1n\u00ed olejn\u00fdch palem. Jsme l\u00eddrem na trhu olej\u016f a rostlinn\u00fdch tuk\u016f, proto c\u00edt\u00edme zodpov\u011bdnost za udr\u017eiteln\u00fd rozvoj zem\u011bd\u011blstv\u00ed. Spolupracujeme s dodavateli palmov\u00e9ho oleje z plant\u00e1\u017e\u00ed, kter\u00e9 nep\u0159isp\u00edvaj\u00ed k ni\u010den\u00ed p\u0159\u00edrodn\u00edch ekosyst\u00e9m\u016f a tak\u00e9 negativn\u011b neovliv\u0148uj\u00ed obyvatelstvo z dan\u00e9 oblasti. Podporujeme koncepci syst\u00e9mu certifikace v\u00fdrobk\u016f The Roundtable on Sustainable Palma Oil (RSPO). Dod\u00e1v\u00e1me v\u00fdrobky obsahuj\u00edc\u00ed palmov\u00fd olej v syst\u00e9mu Mass Balance a tak\u00e9 v syst\u00e9mu Segregate.<\/p>\r\n<p>[\/vc_column_text][\/vc_column][\/vc_row]<\/p><\/div>","protected":false},"excerpt":{"rendered":"<p>Margar\u00edn Maestra Kr\u00e9mov\u00e1 NH MB je skv\u011blou volbou pro v\u0161echny cukr\u00e1\u0159e, kte\u0159\u00ed maj\u00ed z\u00e1jem o p\u0159\u00edpravu nad\u00fdchan\u00fdch kr\u00e9m\u016f, n\u00e1pln\u00ed, dezert\u016f a cukr\u00e1\u0159sk\u00fdch hmot se stabiln\u00ed texturou.<\/p>\n[simple_tooltip content='V\u00fdrobek neobsahuje ztu\u017een\u00e9 tuky']<img loading=\"lazy\" decoding=\"async\" class=\"alignnone wp-image-10493 size-full\" src=\"https:\/\/kruszwicapro.com\/wp-content\/uploads\/2017\/09\/ico_nh.png\" alt=\"\" width=\"64\" height=\"64\" \/>[\/simple_tooltip]\n[simple_tooltip content='Pro v\u00fdrobu byl pou\u017eit\u00fd certifikovan\u00fd palmov\u00fd olej v syst\u00e9mu Mass Balance']<img loading=\"lazy\" decoding=\"async\" class=\"alignnone wp-image-10493 size-full\" src=\"https:\/\/kruszwicapro.com\/wp-content\/uploads\/2017\/09\/ico_mb.png\" alt=\"\" width=\"64\" height=\"64\" \/>[\/simple_tooltip]\n","protected":false},"featured_media":10165,"template":"","meta":[],"product_brand":[],"product_cat":[58],"product_tag":[371],"class_list":{"0":"post-10187","1":"product","2":"type-product","3":"status-publish","4":"has-post-thumbnail","6":"product_cat-margaryny","7":"product_tag-do-kremu","8":"pa_clean-label-nie","9":"pa_consistency-stala","10":"pa_fat-content-tluszcz-80","11":"pa_fat-used-kokosowy","12":"pa_fat-used-rzepakowy","13":"pa_fat-used-palmowy","14":"pa_free-from-preservatives-tak","15":"pa_packaging-karton","16":"pa_quantity-kg-2x5","17":"pa_rspo-certificate-tak","18":"pa_segment-premium","19":"pa_tfa-tfa-1","20":"pa_with-added-butter-nie","21":"pa_with-colorant-tak","22":"pa_without-hydrogenated-fats-tak","24":"first","25":"instock","26":"shipping-taxable","27":"product-type-simple"},"_links":{"self":[{"href":"https:\/\/kruszwicapro.com\/cs\/wp-json\/wp\/v2\/product\/10187","targetHints":{"allow":["GET"]}}],"collection":[{"href":"https:\/\/kruszwicapro.com\/cs\/wp-json\/wp\/v2\/product"}],"about":[{"href":"https:\/\/kruszwicapro.com\/cs\/wp-json\/wp\/v2\/types\/product"}],"wp:featuredmedia":[{"embeddable":true,"href":"https:\/\/kruszwicapro.com\/cs\/wp-json\/wp\/v2\/media\/10165"}],"wp:attachment":[{"href":"https:\/\/kruszwicapro.com\/cs\/wp-json\/wp\/v2\/media?parent=10187"}],"wp:term":[{"taxonomy":"product_brand","embeddable":true,"href":"https:\/\/kruszwicapro.com\/cs\/wp-json\/wp\/v2\/product_brand?post=10187"},{"taxonomy":"product_cat","embeddable":true,"href":"https:\/\/kruszwicapro.com\/cs\/wp-json\/wp\/v2\/product_cat?post=10187"},{"taxonomy":"product_tag","embeddable":true,"href":"https:\/\/kruszwicapro.com\/cs\/wp-json\/wp\/v2\/product_tag?post=10187"}],"curies":[{"name":"wp","href":"https:\/\/api.w.org\/{rel}","templated":true}]}}