{"id":10183,"date":"2017-10-27T12:32:21","date_gmt":"2017-10-27T12:32:21","guid":{"rendered":"http:\/\/kruszwica.b2bpowergroup.com\/?post_type=product&#038;p=10183"},"modified":"2022-07-26T11:26:36","modified_gmt":"2022-07-26T11:26:36","slug":"maestra-puff-pastry-mb","status":"publish","type":"product","link":"https:\/\/kruszwicapro.com\/cs\/obchod\/margaryny\/maestra-puff-pastry-mb\/","title":{"rendered":"Maestra Puff Pastry MB"},"content":{"rendered":"Listov\u00e9 t\u011bsto a jemu podobn\u00e9 druhy t\u011bst se mus\u00ed vyzna\u010dovat v\u00fdrazn\u00fdm listov\u00e1n\u00edm. Margar\u00edn Maestra Puff Pastry MB je nejkvalitn\u011bj\u0161\u00ed ingredience, kter\u00e1 zajist\u00ed vhodn\u00e9 vlastnosti v\u00fdrobk\u016fm tohoto druhu.\r\n\r\nNeobsahuje konzervanty ani um\u011bl\u00e1 aromata a z\u00e1rove\u0148 zaji\u0161\u0165uje v\u00fdrobk\u016fm v\u00fdjime\u010dnou chu\u0165 a aroma. Jej\u00ed skv\u011bl\u00e1 struktura usnad\u0148uje p\u0159\u00edpravu t\u011bsta, v\u00e1len\u00ed bez prask\u00e1n\u00ed a je vhodn\u00e1 pro snadn\u00e9 manu\u00e1ln\u00ed i mechanick\u00e9 zpracov\u00e1n\u00ed .\r\n\r\n<ul>\r\n \t\r\n\t<li><strong>Bez konzervant\u016f, um\u011bl\u00fdch aromat<\/strong><\/li>\r\n\r\n \t\r\n\t<li><strong>Vhodn\u00e9 listov\u00e1n\u00ed t\u011bsta<\/strong><\/li>\r\n\r\n \t\r\n\t<li><strong>Spr\u00e1vn\u00e9 v\u00e1len\u00ed a smot\u00e1v\u00e1n\u00ed, bez nalomen\u00ed a prask\u00e1n\u00ed vrstev t\u011bsta<\/strong><\/li>\r\n\r\n \t\r\n\t<li><strong>Spr\u00e1vn\u00fd r\u016fst a tvar v\u00fdrobk\u016f po upe\u010den\u00ed<\/strong><\/li>\r\n<\/ul>\r\n<p class=\"p1\"><strong><img loading=\"lazy\" decoding=\"async\" class=\"alignnone wp-image-10493 size-full\" src=\"https:\/\/kruszwicapro.com\/wp-content\/uploads\/2017\/09\/ico_mb.png\" alt=\"\" width=\"64\" height=\"64\" \/><\/strong><strong>MASS BALANCE<\/strong><\/p>\r\n\r\nZ\u00edsk\u00e1v\u00e1n\u00ed oleje z palmy je kontroverzn\u00ed z d\u016fvodu bl\u00edzk\u00e9ho spojen\u00ed s ileg\u00e1ln\u00edm k\u00e1cen\u00edm de\u0161tn\u00fdch prales\u016f pro p\u011bstov\u00e1n\u00ed olejn\u00fdch palem. Jsme l\u00eddrem na trhu olej\u016f a rostlinn\u00fdch tuk\u016f, proto c\u00edt\u00edme zodpov\u011bdnost za udr\u017eiteln\u00fd rozvoj zem\u011bd\u011blstv\u00ed. Spolupracujeme s dodavateli palmov\u00e9ho oleje z plant\u00e1\u017e\u00ed, kter\u00e9 nep\u0159isp\u00edvaj\u00ed k ni\u010den\u00ed p\u0159\u00edrodn\u00edch ekosyst\u00e9m\u016f a tak\u00e9 negativn\u011b neovliv\u0148uj\u00ed obyvatelstvo z dan\u00e9 oblasti. Podporujeme koncepci syst\u00e9mu certifikace v\u00fdrobk\u016f The Roundtable on Sustainable Palma Oil (RSPO). Dod\u00e1v\u00e1me v\u00fdrobky obsahuj\u00edc\u00ed palmov\u00fd olej v syst\u00e9mu Mass Balance a tak\u00e9 v syst\u00e9mu Segregate.","protected":false},"excerpt":{"rendered":"<p>Listov\u00e9 t\u011bsto a jemu podobn\u00e9 druhy t\u011bst se mus\u00ed vyzna\u010dovat v\u00fdrazn\u00fdm listov\u00e1n\u00edm. Margar\u00edn Maestra Puff Pastry MB je nejkvalitn\u011bj\u0161\u00ed ingredience, kter\u00e1 zajist\u00ed vhodn\u00e9 vlastnosti v\u00fdrobk\u016fm tohoto druhu.<\/p>\n[simple_tooltip content='Pro v\u00fdrobu byl pou\u017eit\u00fd certifikovan\u00fd palmov\u00fd olej v syst\u00e9mu Mass Balance']<img loading=\"lazy\" decoding=\"async\" class=\"alignnone wp-image-10493 size-full\" src=\"https:\/\/kruszwicapro.com\/wp-content\/uploads\/2017\/09\/ico_mb.png\" alt=\"\" width=\"64\" height=\"64\" \/>[\/simple_tooltip]\n","protected":false},"featured_media":10184,"template":"","meta":[],"product_brand":[],"product_cat":[58],"product_tag":[162],"class_list":{"0":"post-10183","1":"product","2":"type-product","3":"status-publish","4":"has-post-thumbnail","6":"product_cat-margaryny","7":"product_tag-do-ciast-listkujacych","8":"pa_clean-label-nie","9":"pa_consistency-stala","10":"pa_fat-content-tluszcz-80","11":"pa_fat-used-rzepakowy","12":"pa_fat-used-palmowy","13":"pa_free-from-preservatives-tak","14":"pa_packaging-karton","15":"pa_quantity-kg-5x2","16":"pa_rspo-certificate-tak","17":"pa_segment-premium","18":"pa_tfa-tfa-2","19":"pa_with-added-butter-nie","20":"pa_with-colorant-tak","21":"pa_without-hydrogenated-fats-nie","23":"first","24":"instock","25":"shipping-taxable","26":"product-type-simple"},"_links":{"self":[{"href":"https:\/\/kruszwicapro.com\/cs\/wp-json\/wp\/v2\/product\/10183","targetHints":{"allow":["GET"]}}],"collection":[{"href":"https:\/\/kruszwicapro.com\/cs\/wp-json\/wp\/v2\/product"}],"about":[{"href":"https:\/\/kruszwicapro.com\/cs\/wp-json\/wp\/v2\/types\/product"}],"wp:featuredmedia":[{"embeddable":true,"href":"https:\/\/kruszwicapro.com\/cs\/wp-json\/wp\/v2\/media\/10184"}],"wp:attachment":[{"href":"https:\/\/kruszwicapro.com\/cs\/wp-json\/wp\/v2\/media?parent=10183"}],"wp:term":[{"taxonomy":"product_brand","embeddable":true,"href":"https:\/\/kruszwicapro.com\/cs\/wp-json\/wp\/v2\/product_brand?post=10183"},{"taxonomy":"product_cat","embeddable":true,"href":"https:\/\/kruszwicapro.com\/cs\/wp-json\/wp\/v2\/product_cat?post=10183"},{"taxonomy":"product_tag","embeddable":true,"href":"https:\/\/kruszwicapro.com\/cs\/wp-json\/wp\/v2\/product_tag?post=10183"}],"curies":[{"name":"wp","href":"https:\/\/api.w.org\/{rel}","templated":true}]}}