{"id":10158,"date":"2017-10-21T12:05:34","date_gmt":"2017-10-21T12:05:34","guid":{"rendered":"http:\/\/kruszwica.b2bpowergroup.com\/?post_type=product&#038;p=10158"},"modified":"2022-07-27T10:49:56","modified_gmt":"2022-07-27T10:49:56","slug":"maestro-sol-wiadro","status":"publish","type":"product","link":"https:\/\/kruszwicapro.com\/cs\/obchod\/fritovaci-tuky\/maestro-sol-wiadro\/","title":{"rendered":"Maestro Sol (v\u011bdro)"},"content":{"rendered":"<div class=\"wpb-content-wrapper\"><p>[vc_row][vc_column][vc_column_text]<\/p>\r\n<p>Fritovac\u00ed olej Maestro Sol ur\u010den\u00fd k hlubok\u00e9mu sma\u017een\u00ed je \u0159e\u0161en\u00ed pro nejn\u00e1ro\u010dn\u011bj\u0161\u00edm profesion\u00e1ly. V\u00fdrobek vznik\u00e1 pouze z\u00a0nejlep\u0161\u00edch rostlinn\u00fdch olej\u016f. Neobsahuje ztu\u017een\u00e9 tuky, alergeny, trans-izomery mastn\u00fdch kyselin ani konzervanty. Dod\u00e1v\u00e1 nenasycen\u00e9 mastn\u00e9 kyseliny v\u00a0p\u0159\u00edslu\u0161n\u00e9m pom\u011bru. Neovliv\u0148uje chu\u0165 fin\u00e1ln\u00edho v\u00fdrobku. Tekut\u00e1 forma v\u00fdznamn\u011b urychluje proces sma\u017een\u00ed. Z\u00e1rove\u0148 je v\u00fdnosn\u00e1 a p\u0159i spr\u00e1vn\u00e9m sma\u017een\u00ed odoln\u00e1 v\u016f\u010di nep\u0159\u00edzniv\u00fdm zm\u011bn\u00e1m, kter\u00e9 nast\u00e1vaj\u00ed ve v\u011bt\u0161in\u011b tuk\u016f vlivem vysok\u00e9 teploty. Olej je ur\u010den pro produkty, kter\u00e9 vy\u017eaduj\u00ed hlubok\u00e9 sma\u017een\u00ed.<\/p>\r\n<ul>\r\n\t<li><strong>Vysok\u00fd bod zakou\u0159en\u00ed \u2013 nad 235 \u00b0C<\/strong><\/li>\r\n\t<li><strong>Velk\u00e1 odolnost v\u016f\u010di zm\u011bn\u00e1m, kter\u00e9 prob\u00edhaj\u00ed v tuku b\u011bhem sma\u017een\u00ed ve vysok\u00fdch teplot\u00e1ch<\/strong><\/li>\r\n\t<li><strong>Prodlou\u017een\u00e1 doba u\u017e\u00edv\u00e1n\u00ed dokonce o 40 % ve srovn\u00e1n\u00ed s palmov\u00fdmi fritovac\u00edm tuky<\/strong><\/li>\r\n\t<li><strong>Neutr\u00e1ln\u00ed chu\u0165 a v\u016fn\u011b zaji\u0161t\u02c7uje p\u0159\u00edrodn\u00ed charakter a aroma sma\u017een\u00fdch j\u00eddel<\/strong><\/li>\r\n\t<li><strong>Tekut\u00e1 forma, kter\u00e1 urychluje oh\u0159\u00edv\u00e1n\u00ed a usnad\u0148uje filtrov\u00e1n\u00ed<\/strong><\/li>\r\n\t<li><strong>N\u00edzk\u00e1 absorpce tuku sma\u017een\u00fdmi v\u00fdrobky<\/strong><\/li>\r\n<\/ul>\r\n<p><strong><img loading=\"lazy\" decoding=\"async\" class=\"alignnone wp-image-10493 size-full\" src=\"https:\/\/kruszwicapro.com\/wp-content\/uploads\/2017\/09\/ico_mb.png\" alt=\"\" width=\"64\" height=\"64\" \/><\/strong><strong>MASS BALANCE <\/strong>Z\u00edsk\u00e1v\u00e1n\u00ed oleje z palmy je kontroverzn\u00ed z d\u016fvodu bl\u00edzk\u00e9ho spojen\u00ed s ileg\u00e1ln\u00edm k\u00e1cen\u00edm de\u0161tn\u00fdch prales\u016f pro p\u011bstov\u00e1n\u00ed olejn\u00fdch palem. Jsme l\u00eddrem na trhu olej\u016f a rostlinn\u00fdch tuk\u016f, proto c\u00edt\u00edme zodpov\u011bdnost za udr\u017eiteln\u00fd rozvoj zem\u011bd\u011blstv\u00ed. Spolupracujeme s dodavateli palmov\u00e9ho oleje z plant\u00e1\u017e\u00ed, kter\u00e9 nep\u0159isp\u00edvaj\u00ed k ni\u010den\u00ed p\u0159\u00edrodn\u00edch ekosyst\u00e9m\u016f a tak\u00e9 negativn\u011b neovliv\u0148uj\u00ed obyvatelstvo z dan\u00e9 oblasti. Podporujeme koncepci syst\u00e9mu certifikace v\u00fdrobk\u016f The Roundtable on Sustainable Palma Oil (RSPO). Dod\u00e1v\u00e1me v\u00fdrobky obsahuj\u00edc\u00ed palmov\u00fd olej v syst\u00e9mu Mass Balance a tak\u00e9 v syst\u00e9mu Segregate.<\/p>\r\n<p>[\/vc_column_text][\/vc_column][\/vc_row]<\/p><\/div>","protected":false},"excerpt":{"rendered":"<p>Fritovac\u00ed olej Maestro Sol ur\u010den\u00fd k hlubok\u00e9mu sma\u017een\u00ed je \u0159e\u0161en\u00ed pro nejn\u00e1ro\u010dn\u011bj\u0161\u00edm profesion\u00e1ly. V\u00fdrobek vznik\u00e1 pouze z\u00a0nejlep\u0161\u00edch rostlinn\u00fdch olej\u016f. Neobsahuje ztu\u017een\u00e9 tuky, alergeny, trans-izomery mastn\u00fdch kyselin ani konzervanty. Dod\u00e1v\u00e1 nenasycen\u00e9 mastn\u00e9 kyseliny v\u00a0p\u0159\u00edslu\u0161n\u00e9m pom\u011bru.<\/p>\n[simple_tooltip content='Pro v\u00fdrobu byl pou\u017eit\u00fd certifikovan\u00fd palmov\u00fd olej v syst\u00e9mu Mass Balance']<img loading=\"lazy\" decoding=\"async\" class=\"alignnone wp-image-10493 size-full\" src=\"https:\/\/kruszwicapro.com\/wp-content\/uploads\/2017\/09\/ico_mb.png\" alt=\"\" width=\"64\" height=\"64\" \/>[\/simple_tooltip]\n","protected":false},"featured_media":10170,"template":"","meta":[],"product_brand":[],"product_cat":[147],"product_tag":[367],"class_list":{"0":"post-10158","1":"product","2":"type-product","3":"status-publish","4":"has-post-thumbnail","6":"product_cat-fritovaci-tuky","7":"product_tag-na-smazeni","8":"pa_consistency-plynna","9":"pa_fat-content-tluszcz-100","10":"pa_fat-used-rzepakowy","11":"pa_fat-used-slonecznikowy","12":"pa_fat-used-palmowy","13":"pa_fat-used-wysokooleinowy","14":"pa_packaging-wiadro","15":"pa_quantity-l-143","16":"pa_rspo-certificate-tak","17":"pa_segment-premium","18":"pa_smoke-point-temp-235","19":"pa_tfa-tfa-1","20":"pa_without-hydrogenated-fats-nie","22":"first","23":"instock","24":"shipping-taxable","25":"product-type-simple"},"_links":{"self":[{"href":"https:\/\/kruszwicapro.com\/cs\/wp-json\/wp\/v2\/product\/10158","targetHints":{"allow":["GET"]}}],"collection":[{"href":"https:\/\/kruszwicapro.com\/cs\/wp-json\/wp\/v2\/product"}],"about":[{"href":"https:\/\/kruszwicapro.com\/cs\/wp-json\/wp\/v2\/types\/product"}],"wp:featuredmedia":[{"embeddable":true,"href":"https:\/\/kruszwicapro.com\/cs\/wp-json\/wp\/v2\/media\/10170"}],"wp:attachment":[{"href":"https:\/\/kruszwicapro.com\/cs\/wp-json\/wp\/v2\/media?parent=10158"}],"wp:term":[{"taxonomy":"product_brand","embeddable":true,"href":"https:\/\/kruszwicapro.com\/cs\/wp-json\/wp\/v2\/product_brand?post=10158"},{"taxonomy":"product_cat","embeddable":true,"href":"https:\/\/kruszwicapro.com\/cs\/wp-json\/wp\/v2\/product_cat?post=10158"},{"taxonomy":"product_tag","embeddable":true,"href":"https:\/\/kruszwicapro.com\/cs\/wp-json\/wp\/v2\/product_tag?post=10158"}],"curies":[{"name":"wp","href":"https:\/\/api.w.org\/{rel}","templated":true}]}}