{"id":10099,"date":"2017-10-24T15:29:11","date_gmt":"2017-10-24T15:29:11","guid":{"rendered":"http:\/\/kruszwica.b2bpowergroup.com\/?post_type=product&#038;p=10099"},"modified":"2022-07-27T09:44:05","modified_gmt":"2022-07-27T09:44:05","slug":"maestra-cukiernicza-mb","status":"publish","type":"product","link":"https:\/\/kruszwicapro.com\/cs\/obchod\/margaryny\/maestra-cukiernicza-mb\/","title":{"rendered":"Maestra Cukr\u00e1\u0159sk\u00e1 MB"},"content":{"rendered":"<div class=\"wpb-content-wrapper\"><p>[vc_row][vc_column][vc_column_text]<\/p>\r\n<p>M\u00e1 v\u00fdjime\u010dn\u00e9 aroma a d\u00e1v\u00e1 hotov\u00fdm v\u00fdrobk\u016fm \u017e\u00e1danou chu\u0165 a v\u016fni. Skv\u011ble se propojuje s m\u00e1slem a ostatn\u00edmi p\u0159\u00edsadami a zv\u011bt\u0161uje objem v\u00fdrobk\u016f.<\/p>\r\n<ul>\r\n\t<li><strong>Velmi snadno se propojuje s m\u00e1slem a ostatn\u00edmi p\u0159\u00edsadami.<\/strong><\/li>\r\n\t<li><strong>Skv\u011bl\u00e9 vlastnosti provzdu\u0161\u0148ov\u00e1n\u00ed (aerace).<\/strong><\/li>\r\n\t<li><strong>Vhodn\u00e1 struktura cukr\u00e1\u0159sk\u00fdch a peka\u0159sk\u00fdch v\u00fdrobk\u016f.<\/strong><\/li>\r\n\t<li><strong>V\u00fdjime\u010dn\u00e9 vlastnosti chut\u011b a v\u016fn\u011b hotov\u00e9ho v\u00fdrobku.<\/strong><\/li>\r\n\t<li><strong>Skv\u011bl\u00e1 do kr\u00e9m\u016f a na pe\u010den\u00ed \u0161irok\u00e9ho spektra v\u00fdrobk\u016f<\/strong><\/li>\r\n<\/ul>\r\n<p class=\"p1\"><strong><img loading=\"lazy\" decoding=\"async\" class=\"alignnone wp-image-10493 size-full\" src=\"https:\/\/kruszwicapro.com\/wp-content\/uploads\/2017\/09\/ico_mb.png\" alt=\"\" width=\"64\" height=\"64\" \/><\/strong><strong>MASS BALANCE<\/strong><\/p>\r\n<p>M\u00e1 v\u00fdjime\u010dn\u00e9 aroma a d\u00e1v\u00e1 hotov\u00fdm v\u00fdrobk\u016fm \u017e\u00e1danou chu\u0165 a v\u016fni. Skv\u011ble se propojuje s m\u00e1slem a ostatn\u00edmi p\u0159\u00edsadami a zv\u011bt\u0161uje objem v\u00fdrobk\u016f.<\/p>\r\n<p>[\/vc_column_text][\/vc_column][\/vc_row]<\/p><\/div>","protected":false},"excerpt":{"rendered":"<p>Maestra Cukr\u00e1\u0159sk\u00e1 MB je skv\u011blou volbou pro odborn\u00edky, kte\u0159\u00ed si v\u00e1\u017e\u00ed nejvy\u0161\u0161\u00ed kvality. Margar\u00edn m\u00e1 nej\u017e\u00e1dan\u011bj\u0161\u00ed vlastnosti margar\u00ednu na pe\u010den\u00ed a tak\u00e9 do kr\u00e9m\u016f.<\/p>\n[simple_tooltip content='A gy\u00e1rt\u00e1shoz Mass Balance min\u0151s\u00edt\u00e9ssel ell\u00e1tott p\u00e1lmaolajat haszn\u00e1ltunk']<img loading=\"lazy\" decoding=\"async\" class=\"alignnone wp-image-10493 size-full\" src=\"https:\/\/kruszwicapro.com\/wp-content\/uploads\/2017\/09\/ico_mb.png\" alt=\"\" width=\"64\" height=\"64\" \/>[\/simple_tooltip]\n","protected":false},"featured_media":10162,"template":"","meta":[],"product_brand":[],"product_cat":[58],"product_tag":[371,368],"class_list":{"0":"post-10099","1":"product","2":"type-product","3":"status-publish","4":"has-post-thumbnail","6":"product_cat-margaryny","7":"product_tag-do-kremu","8":"product_tag-na-peceni","9":"pa_clean-label-nie","10":"pa_consistency-stala","11":"pa_fat-content-tluszcz-80","12":"pa_fat-used-kokosowy","13":"pa_fat-used-rzepakowy","14":"pa_fat-used-palmowy","15":"pa_free-from-preservatives-tak","16":"pa_packaging-karton","17":"pa_quantity-kg-2x5","18":"pa_rspo-certificate-tak","19":"pa_segment-premium","20":"pa_tfa-tfa-2","21":"pa_with-added-butter-nie","22":"pa_with-colorant-tak","23":"pa_without-hydrogenated-fats-nie","25":"first","26":"instock","27":"shipping-taxable","28":"product-type-simple"},"_links":{"self":[{"href":"https:\/\/kruszwicapro.com\/cs\/wp-json\/wp\/v2\/product\/10099","targetHints":{"allow":["GET"]}}],"collection":[{"href":"https:\/\/kruszwicapro.com\/cs\/wp-json\/wp\/v2\/product"}],"about":[{"href":"https:\/\/kruszwicapro.com\/cs\/wp-json\/wp\/v2\/types\/product"}],"wp:featuredmedia":[{"embeddable":true,"href":"https:\/\/kruszwicapro.com\/cs\/wp-json\/wp\/v2\/media\/10162"}],"wp:attachment":[{"href":"https:\/\/kruszwicapro.com\/cs\/wp-json\/wp\/v2\/media?parent=10099"}],"wp:term":[{"taxonomy":"product_brand","embeddable":true,"href":"https:\/\/kruszwicapro.com\/cs\/wp-json\/wp\/v2\/product_brand?post=10099"},{"taxonomy":"product_cat","embeddable":true,"href":"https:\/\/kruszwicapro.com\/cs\/wp-json\/wp\/v2\/product_cat?post=10099"},{"taxonomy":"product_tag","embeddable":true,"href":"https:\/\/kruszwicapro.com\/cs\/wp-json\/wp\/v2\/product_tag?post=10099"}],"curies":[{"name":"wp","href":"https:\/\/api.w.org\/{rel}","templated":true}]}}