{"id":23,"date":"2017-05-17T21:53:44","date_gmt":"2017-05-17T21:53:44","guid":{"rendered":"http:\/\/a-one.yumecommerce.com\/?page_id=23"},"modified":"2025-09-24T06:55:05","modified_gmt":"2025-09-24T06:55:05","slug":"kontakt","status":"publish","type":"page","link":"https:\/\/kruszwicapro.com\/cs\/kontakt\/","title":{"rendered":"Kontakty"},"content":{"rendered":"<div class=\"wpb-content-wrapper\"><p>[vc_row][vc_column width=&#8220;1\/2&#8243;][vc_column_text css=&#8220;.vc_custom_1758696900987{padding-bottom: 60px !important;}&#8220;]<\/p>\r\n<h2><strong>Poradce<\/strong><\/h2>\r\n<p>[\/vc_column_text][vc_column_text text_color=&#8220;#333333&#8243; links_color_hover=&#8220;#00bc67&#8243; links_color=&#8220;#00824c&#8220;]<\/p>\r\n<p><img loading=\"lazy\" decoding=\"async\" class=\" wp-image-10411 alignleft\" src=\"https:\/\/kruszwicapro.com\/wp-content\/uploads\/2018\/01\/cz.png\" alt=\"\" width=\"75\" height=\"75\" srcset=\"https:\/\/kruszwicapro.com\/wp-content\/uploads\/2018\/01\/cz.png 120w, https:\/\/kruszwicapro.com\/wp-content\/uploads\/2018\/01\/cz-100x100.png 100w\" sizes=\"auto, (max-width: 75px) 100vw, 75px\" \/> <strong>Ing. Zde\u0148ka Hlawiczkov\u00e1<\/strong><\/p>\r\n<p><a href=\"tel:\/\/+420 602 505 630\">+420 602 505 630<\/a><\/p>\r\n<p><a href=\"mailto:rojova@cespolgroup.com\" target=\"_blank\" rel=\"noopener noreferrer\">rojova@cespolgroup.com<\/a><\/p>\r\n<p>[\/vc_column_text][vc_separator style=&#8220;dotted&#8220; css=&#8220;.vc_custom_1519650334875{padding-top: 30px !important;padding-bottom: 30px !important;}&#8220;][vc_column_text css=&#8220;.vc_custom_1522146724035{padding-bottom: 60px !important;}&#8220;]<\/p>\r\n<h2><strong>Z\u00e1stupce v\u00fdrobce<\/strong><\/h2>\r\n<p>[\/vc_column_text][vc_column_text text_color=&#8220;#333333&#8243; links_color=&#8220;#00824c&#8220; links_color_hover=&#8220;#00bc67&#8243;]<\/p>\r\n<p><strong><img loading=\"lazy\" decoding=\"async\" class=\"wp-image-11208 alignleft\" src=\"https:\/\/kruszwicapro.com\/wp-content\/uploads\/2018\/04\/avatar_kruszwica.png\" alt=\"\" width=\"75\" height=\"75\" srcset=\"https:\/\/kruszwicapro.com\/wp-content\/uploads\/2018\/04\/avatar_kruszwica.png 120w, https:\/\/kruszwicapro.com\/wp-content\/uploads\/2018\/04\/avatar_kruszwica-100x100.png 100w\" sizes=\"auto, (max-width: 75px) 100vw, 75px\" \/>Bunge Polska Sp. z o.o.<\/strong><br \/>\r\nul. Niepodleg\u0142o\u015bci 42<br \/>\r\n88-150 Kruszwica<\/p>\r\n<p>[\/vc_column_text][\/vc_column][vc_column width=&#8220;1\/2&#8243; css=&#8220;.vc_custom_1523024839111{background-color: #f2f2f2 !important;border-radius: 10px !important;}&#8220;][vc_column_text css=&#8220;.vc_custom_1523025137589{padding-bottom: 60px !important;}&#8220;]<\/p>\r\n<h2><strong>Kontaktn\u00ed formul\u00e1\u0159<\/strong><\/h2>\r\n<p>[\/vc_column_text][vc_raw_html]JTVCd3Bmb3JtcyUyMGlkJTNEJTIyMTEyMTYlMjIlMjB0aXRsZSUzRCUyMmZhbHNlJTIyJTIwZGVzY3JpcHRpb24lM0QlMjJmYWxzZSUyMiU1RA==[\/vc_raw_html][\/vc_column][\/vc_row]<\/p><\/div>","protected":false},"excerpt":{"rendered":"<p>[vc_row][vc_column width=&#8220;1\/2&#8243;][vc_column_text css=&#8220;.vc_custom_1758696900987{padding-bottom: 60px !important;}&#8220;] Poradce [\/vc_column_text][vc_column_text text_color=&#8220;#333333&#8243; links_color_hover=&#8220;#00bc67&#8243; links_color=&#8220;#00824c&#8220;] Ing. Zde\u0148ka Hlawiczkov\u00e1 +420 602 505 630 rojova@cespolgroup.com [\/vc_column_text][vc_separator style=&#8220;dotted&#8220; [&hellip;]<\/p>\n","protected":false},"author":1,"featured_media":0,"parent":0,"menu_order":22,"comment_status":"closed","ping_status":"closed","template":"template-fullwidth.php","meta":{"footnotes":""},"class_list":["post-23","page","type-page","status-publish","hentry"],"_links":{"self":[{"href":"https:\/\/kruszwicapro.com\/cs\/wp-json\/wp\/v2\/pages\/23","targetHints":{"allow":["GET"]}}],"collection":[{"href":"https:\/\/kruszwicapro.com\/cs\/wp-json\/wp\/v2\/pages"}],"about":[{"href":"https:\/\/kruszwicapro.com\/cs\/wp-json\/wp\/v2\/types\/page"}],"author":[{"embeddable":true,"href":"https:\/\/kruszwicapro.com\/cs\/wp-json\/wp\/v2\/users\/1"}],"replies":[{"embeddable":true,"href":"https:\/\/kruszwicapro.com\/cs\/wp-json\/wp\/v2\/comments?post=23"}],"version-history":[{"count":11,"href":"https:\/\/kruszwicapro.com\/cs\/wp-json\/wp\/v2\/pages\/23\/revisions"}],"predecessor-version":[{"id":13940,"href":"https:\/\/kruszwicapro.com\/cs\/wp-json\/wp\/v2\/pages\/23\/revisions\/13940"}],"wp:attachment":[{"href":"https:\/\/kruszwicapro.com\/cs\/wp-json\/wp\/v2\/media?parent=23"}],"curies":[{"name":"wp","href":"https:\/\/api.w.org\/{rel}","templated":true}]}}