{"id":14,"date":"2017-05-17T21:49:02","date_gmt":"2017-05-17T21:49:02","guid":{"rendered":"http:\/\/a-one.yumecommerce.com\/?page_id=14"},"modified":"2022-07-19T06:21:10","modified_gmt":"2022-07-19T06:21:10","slug":"o-firmie","status":"publish","type":"page","link":"https:\/\/kruszwicapro.com\/cs\/o-firmie\/","title":{"rendered":"O firm\u011b"},"content":{"rendered":"<div class=\"wpb-content-wrapper\"><p>[vc_row css=&#8220;.vc_custom_1519141968269{padding-top: 30px !important;padding-bottom: 30px !important;}&#8220;][vc_column css=&#8220;.vc_custom_1519140673029{padding-bottom: 30px !important;}&#8220;][vc_custom_heading text=&#8220;Skupina Bunge&#8220; font_container=&#8220;tag:h2|font_size:36|text_align:center|color:%23005488&#8243; google_fonts=&#8220;font_family:Source%20Sans%20Pro%3A200%2C200italic%2C300%2C300italic%2Cregular%2Citalic%2C600%2C600italic%2C700%2C700italic%2C900%2C900italic|font_style:900%20bold%20regular%3A900%3Anormal&#8220; css=&#8220;.vc_custom_1522095085307{padding-top: 20px !important;padding-right: 20px !important;padding-bottom: 20px !important;padding-left: 20px !important;}&#8220;][vc_separator color=&#8220;custom&#8220; border_width=&#8220;2&#8243; el_width=&#8220;30&#8243; css_animation=&#8220;none&#8220; accent_color=&#8220;#eaeaea&#8220;][\/vc_column][vc_column width=&#8220;1\/2&#8243; css=&#8220;.vc_custom_1519142038149{padding-top: 10px !important;padding-bottom: 10px !important;}&#8220;][vc_column_text 0=&#8220;&#8220; text_color=&#8220;#333333&#8243;]<strong>Sv\u011btov\u00fd l\u00eddr<\/strong> ve zpracov\u00e1n\u00ed olejnat\u00fdch semen a nejv\u011bt\u0161\u00ed v\u00fdrobce rostlinn\u00fdch olej\u016f na sv\u011bt\u011b.<br \/>\r\nSpole\u010dnost Bunge \u00a0je kotovan\u00e1 na newyorsk\u00e9 burze cenn\u00fdch pap\u00edr\u016f \/NYSE-BG\/, \u00a0s opera\u010dn\u00ed centr\u00e1lou ve White Plains ve st\u00e1t\u011b New York ve Spojen\u00fdch st\u00e1tech americk\u00fdch.<\/p>\r\n<p>Bunge funguje v r\u00e1mci glob\u00e1ln\u00ed zpracovatelsk\u00e9 sf\u00e9ry, integruje oblasti intenzivn\u00ed zem\u011bd\u011blsk\u00e9 v\u00fdroby s kl\u00ed\u010dov\u00fdmi glob\u00e1ln\u00edmi trhy potravin\u00e1\u0159sk\u00e9 spot\u0159eby.[\/vc_column_text][\/vc_column][vc_column width=&#8220;1\/2&#8243; css=&#8220;.vc_custom_1519142033447{padding-top: 10px !important;padding-bottom: 10px !important;}&#8220;][vc_column_text 0=&#8220;&#8220; text_color=&#8220;#333333&#8243;]Bunge je spole\u010dnost <strong>zalo\u017een\u00e1 v roce 1818<\/strong> v Amsterodamu , kter\u00e1 se p\u016fvodn\u011b specializovala na obchod s obilovinami.Sou\u010dasn\u00fd integrovan\u00fd obchodn\u00ed model firmy zahrnuje : v\u00fdrobu hnojiv ,p\u011bstov\u00e1n\u00ed a zpracov\u00e1n\u00ed zem\u011bd\u011blsk\u00fdch plodin , v\u00fdrobu a distribuci potravin.<\/p>\r\n<p><strong>V\u00edce informac\u00ed na str\u00e1nce:<\/strong>\u00a0 <strong><a href=\"http:\/\/www.bunge.com\/\" target=\"_blank\" rel=\"noopener noreferrer\">www.bunge.com<\/a><\/strong>[\/vc_column_text][\/vc_column][vc_column css=&#8220;.vc_custom_1519140734363{padding-top: 50px !important;padding-bottom: 50px !important;}&#8220;][vc_single_image image=&#8220;10279&#8243; img_size=&#8220;1280&#215;632&#8243; alignment=&#8220;center&#8220;][\/vc_column][\/vc_row][vc_row full_width=&#8220;stretch_row&#8220; content_placement=&#8220;middle&#8220; parallax=&#8220;content-moving&#8220; parallax_image=&#8220;10859&#8243; parallax_speed_bg=&#8220;2&#8243; css=&#8220;.vc_custom_1519145283594{margin-top: 0px !important;margin-right: 0px !important;margin-bottom: 0px !important;margin-left: 0px !important;}&#8220;][vc_column css=&#8220;.vc_custom_1519144589215{margin-top: 200px !important;margin-bottom: 200px !important;}&#8220;][\/vc_column][\/vc_row][vc_row equal_height=&#8220;yes&#8220; content_placement=&#8220;middle&#8220; css=&#8220;.vc_custom_1519138740098{padding-top: 50px !important;padding-bottom: 50px !important;}&#8220;][vc_column css=&#8220;.vc_custom_1519140845260{padding-bottom: 30px !important;}&#8220;][vc_custom_heading text=&#8220;O spole\u010dnosti Bunge Polska Sp. z o.o.&#8220; font_container=&#8220;tag:h2|font_size:36|text_align:center|color:%23005488&#8243; google_fonts=&#8220;font_family:Source%20Sans%20Pro%3A200%2C200italic%2C300%2C300italic%2Cregular%2Citalic%2C600%2C600italic%2C700%2C700italic%2C900%2C900italic|font_style:900%20bold%20regular%3A900%3Anormal&#8220; css=&#8220;.vc_custom_1638439880054{padding-top: 20px !important;padding-right: 20px !important;padding-bottom: 20px !important;padding-left: 20px !important;}&#8220;][vc_separator color=&#8220;custom&#8220; border_width=&#8220;2&#8243; el_width=&#8220;30&#8243; css_animation=&#8220;none&#8220; accent_color=&#8220;#eaeaea&#8220;][\/vc_column][vc_column width=&#8220;1\/2&#8243;][vc_custom_heading text=&#8220;Bunge Polska Sp. z o.o. &#8211; nejv\u011bt\u0161\u00ed zpracovatel olejnat\u00fdch semen a v\u00fdrobce rostlinn\u00fdch tuk\u016f v Polsku a jeden z nejv\u011bt\u0161\u00edch ve st\u0159edn\u00ed Evrop\u011b.&#8220; use_theme_fonts=&#8220;yes&#8220; custom_font_weight=&#8220;700&#8243; css=&#8220;.vc_custom_1638439895873{padding-bottom: 20px !important;}&#8220;][vc_column_text 0=&#8220;&#8220; text_color=&#8220;#333333&#8243;]<\/p>\r\n<p>Tukov\u00e9 z\u00e1vody Bunge Polska Sp. z o.o. jsou nejv\u011bt\u0161\u00edm zpracovatelem olejnat\u00fdch semen a v\u00fdrobcem rostlinn\u00fdch tuk\u016f v Polsku a jedn\u00edm z nejv\u011bt\u0161\u00edch ve st\u0159edn\u00ed Evrop\u011b . Pat\u0159\u00ed do <strong>Skupiny Bunge<\/strong> \u2013 sv\u011btov\u00e9 jedni\u010dky ve zpracov\u00e1v\u00e1n\u00ed olejnat\u00fdch semen a nejv\u011bt\u0161\u00edho v\u00fdrobce rostlinn\u00fdch tuk\u016f na sv\u011bt\u011b, kter\u00fd p\u016fsob\u00ed ve v\u00edce <strong>ne\u017e 40 zem\u00edch sv\u011bta<\/strong> a zam\u011bstn\u00e1v\u00e1 v\u00edce <strong>ne\u017e 35 tis\u00edc zam\u011bstnanc\u016f<\/strong>. Spole\u010dnost p\u016fsob\u00ed v\u00a0potravin\u00e1\u0159sk\u00e9m odv\u011btv\u00ed a je zam\u011b\u0159en\u00e1 na v\u00fdrobu a prodej olej\u016f, margar\u00edn\u016f, tuk\u016f a fritovac\u00edch tuk\u016f.<\/p>\r\n<p>[\/vc_column_text][\/vc_column][vc_column width=&#8220;1\/2&#8243;][aone_banner animation_type=&#8220;animation_blink&#8220; always_visible=&#8220;yes&#8220; aspect_ratio=&#8220;yc_ib_ratio_3x2&#8243; selectable_content=&#8220;&#8220; background_color=&#8220;#ffffff&#8220; opacity=&#8220;100&#8243; content_position=&#8220;yc_ib_content_top&#8220; use_max_width=&#8220;&#8220; heading_font_weight=&#8220;400&#8243; banner_image=&#8220;11264&#8243;][\/aone_banner][\/vc_column][\/vc_row][vc_row equal_height=&#8220;yes&#8220; content_placement=&#8220;middle&#8220; css=&#8220;.vc_custom_1519138301021{padding-top: 50px !important;padding-bottom: 50px !important;}&#8220;][vc_column width=&#8220;1\/2&#8243; css=&#8220;.vc_custom_1519141025104{padding-top: 10px !important;padding-bottom: 10px !important;}&#8220;][vc_single_image image=&#8220;10814&#8243; img_size=&#8220;full&#8220; alignment=&#8220;center&#8220; css_animation=&#8220;left-to-right&#8220;][\/vc_column][vc_column width=&#8220;1\/2&#8243; css=&#8220;.vc_custom_1519141032159{padding-top: 10px !important;padding-bottom: 10px !important;}&#8220;][vc_custom_heading text=&#8220;Integrovan\u00fd opera\u010dn\u00ed model&#8220; use_theme_fonts=&#8220;yes&#8220; custom_font_weight=&#8220;700&#8243; css=&#8220;.vc_custom_1522095203885{padding-bottom: 20px !important;}&#8220;][vc_column_text 0=&#8220;&#8220; text_color=&#8220;#333333&#8243;]<\/p>\r\n<p>\u010cinnost Bunge Polska Sp. z o.o. je zalo\u017eena na integrovan\u00e9m opera\u010dn\u00edm modelu, kter\u00fd zahrnuje v\u0161echny \u010dl\u00e1nky procesu zpracov\u00e1v\u00e1n\u00ed olejnin \u2013 od z\u00edsk\u00e1n\u00ed suroviny, jej\u00edho zpracov\u00e1n\u00ed, a\u017e po balen\u00ed a distribuci v\u00fdrobk\u016f k fin\u00e1ln\u00edmu z\u00e1kazn\u00edkovi. Tento model dovoluje udr\u017eet plnou kontrolu nad vysokou kvalitou surovin, kter\u00e9 se vyu\u017e\u00edvaj\u00ed k v\u00fdrob\u011b a tak\u00e9 nad nejvy\u0161\u0161\u00ed kvalitou hotov\u00fdch v\u00fdrobk\u016f.<\/p>\r\n<p>[\/vc_column_text][\/vc_column][\/vc_row][vc_row full_width=&#8220;stretch_row&#8220; parallax=&#8220;content-moving&#8220; parallax_image=&#8220;10841&#8243; parallax_speed_bg=&#8220;2&#8243; css=&#8220;.vc_custom_1519144655737{margin-top: 0px !important;margin-right: 0px !important;margin-bottom: 0px !important;margin-left: 0px !important;padding-top: 0px !important;padding-right: 0px !important;padding-bottom: 0px !important;padding-left: 0px !important;}&#8220;][vc_column css=&#8220;.vc_custom_1519144661224{margin-top: 200px !important;margin-bottom: 200px !important;}&#8220;][\/vc_column][\/vc_row][vc_row 0=&#8220;&#8220; equal_height=&#8220;yes&#8220; content_placement=&#8220;middle&#8220; css=&#8220;.vc_custom_1519138507636{padding-top: 50px !important;padding-bottom: 50px !important;}&#8220;][vc_column css=&#8220;.vc_custom_1519140534739{padding-bottom: 30px !important;}&#8220;][vc_custom_heading text=&#8220;Podpora cukr\u00e1\u0159sk\u00e9ho a peka\u0159sk\u00e9ho odv\u011btv\u00ed&#8220; font_container=&#8220;tag:h2|font_size:36|text_align:center|color:%23005488&#8243; google_fonts=&#8220;font_family:Source%20Sans%20Pro%3A200%2C200italic%2C300%2C300italic%2Cregular%2Citalic%2C600%2C600italic%2C700%2C700italic%2C900%2C900italic|font_style:900%20bold%20regular%3A900%3Anormal&#8220; css=&#8220;.vc_custom_1519992168575{padding-top: 20px !important;padding-right: 20px !important;padding-bottom: 20px !important;padding-left: 20px !important;}&#8220;][vc_separator color=&#8220;custom&#8220; border_width=&#8220;2&#8243; el_width=&#8220;30&#8243; css_animation=&#8220;none&#8220; accent_color=&#8220;#eaeaea&#8220;][\/vc_column][vc_column width=&#8220;1\/2&#8243;][aone_hero_slider effect=&#8220;slide&#8220; speed=&#8220;500&#8243; autoplay_delay=&#8220;3500&#8243; horizontal_padding=&#8220;50&#8243; full_width=&#8220;&#8220; full_height=&#8220;&#8220; use_pagination=&#8220;&#8220; use_buttons=&#8220;&#8220; slides_min_height=&#8220;400&#8243;][aone_hero_slide background_image=&#8220;11134&#8243;][\/aone_hero_slide][aone_hero_slide background_image=&#8220;11130&#8243;][\/aone_hero_slide][aone_hero_slide background_image=&#8220;11337&#8243;][\/aone_hero_slide][\/aone_hero_slider][\/vc_column][vc_column width=&#8220;1\/2&#8243;][vc_custom_heading text=&#8220;Podpora mlad\u00fdch cukr\u00e1\u0159\u016f&#8220; use_theme_fonts=&#8220;yes&#8220; custom_font_weight=&#8220;700&#8243; css=&#8220;.vc_custom_1522095213551{padding-bottom: 20px !important;}&#8220;][vc_column_text 0=&#8220;&#8220; text_color=&#8220;#333333&#8243;]<\/p>\r\n<p>Bunge Polska Sp. z o.o. podporuje mlad\u00e9 cukr\u00e1\u0159e ve zdokonalov\u00e1n\u00ed jejich dovednost\u00ed ve form\u011b sponzoringu sout\u011b\u017e\u00ed pro \u017e\u00e1ky oboru cukr\u00e1\u0159, organizov\u00e1n\u00edm \u0161kolen\u00ed a uk\u00e1zek dovednost\u00ed pro mlad\u00e9 adepty cukr\u00e1\u0159sk\u00e9ho um\u011bn\u00ed.<\/p>\r\n<p>[\/vc_column_text][\/vc_column][\/vc_row][vc_row 0=&#8220;&#8220; equal_height=&#8220;yes&#8220; content_placement=&#8220;middle&#8220; css=&#8220;.vc_custom_1519145124921{padding-top: 50px !important;padding-bottom: 50px !important;}&#8220;][vc_column width=&#8220;1\/2&#8243;][vc_custom_heading text=&#8220;Podpora zku\u0161en\u00fdch d\u00edky setk\u00e1n\u00ed s mistry&#8220; use_theme_fonts=&#8220;yes&#8220; custom_font_weight=&#8220;700&#8243; css=&#8220;.vc_custom_1522095225486{padding-bottom: 20px !important;}&#8220;][vc_column_text 0=&#8220;&#8220; text_color=&#8220;#333333&#8243;]Krom\u011b v\u00fdrobk\u016f nejvy\u0161\u0161\u00ed jakosti zaji\u0161\u0165ujeme na\u0161im klient\u016fm tak\u00e9 kompeten\u010dn\u00ed podporu. Denn\u011b podporujeme cukr\u00e1\u0159e a peka\u0159e v podnik\u00e1n\u00ed. V r\u00e1mci <strong>Mistrovy Akademie<\/strong> &#8211; iniciativy, jej\u00edm\u017e c\u00edlem je rozvoj cukr\u00e1\u0159sk\u00e9ho a peka\u0159sk\u00e9ho oboru &#8211; mohou peka\u0159i a cukr\u00e1\u0159i vyu\u017e\u00edvat po\u010detn\u00e1 t\u00e9matick\u00e1 \u0161kolen\u00ed a \u00fa\u010dastnit se inspiruj\u00edc\u00edch uk\u00e1zek cukr\u00e1\u0159sk\u00e9ho mistrovstv\u00ed veden\u00fdch takov\u00fdmi mistry sv\u011btov\u00e9ho cukr\u00e1\u0159stv\u00ed jako jsou <strong>Leonardo Di Carlo<\/strong>, <strong>Jordi Bordas<\/strong>, <strong>Mieczys\u0142aw Chojnowsk\u00fd<\/strong> nebo <strong>Walter Vogt<\/strong>.[\/vc_column_text][vc_empty_space height=&#8220;40px&#8220;][\/vc_column][vc_column width=&#8220;1\/2&#8243;][aone_hero_slider effect=&#8220;slide&#8220; speed=&#8220;500&#8243; autoplay_delay=&#8220;3000&#8243; horizontal_padding=&#8220;50&#8243; full_width=&#8220;&#8220; full_height=&#8220;&#8220; use_pagination=&#8220;&#8220; use_buttons=&#8220;&#8220; slides_min_height=&#8220;400&#8243;][aone_hero_slide background_image=&#8220;11142&#8243;][\/aone_hero_slide][aone_hero_slide background_image=&#8220;11138&#8243;][\/aone_hero_slide][aone_hero_slide background_image=&#8220;11297&#8243;][\/aone_hero_slide][aone_hero_slide background_image=&#8220;11293&#8243;][\/aone_hero_slide][aone_hero_slide background_image=&#8220;11289&#8243;][\/aone_hero_slide][\/aone_hero_slider][\/vc_column][\/vc_row]<\/p><\/div>","protected":false},"excerpt":{"rendered":"<p>[vc_row css=&#8220;.vc_custom_1519141968269{padding-top: 30px !important;padding-bottom: 30px !important;}&#8220;][vc_column css=&#8220;.vc_custom_1519140673029{padding-bottom: 30px !important;}&#8220;][vc_custom_heading text=&#8220;Skupina Bunge&#8220; font_container=&#8220;tag:h2|font_size:36|text_align:center|color:%23005488&#8243; google_fonts=&#8220;font_family:Source%20Sans%20Pro%3A200%2C200italic%2C300%2C300italic%2Cregular%2Citalic%2C600%2C600italic%2C700%2C700italic%2C900%2C900italic|font_style:900%20bold%20regular%3A900%3Anormal&#8220; css=&#8220;.vc_custom_1522095085307{padding-top: 20px !important;padding-right: 20px !important;padding-bottom: 20px !important;padding-left: [&hellip;]<\/p>\n","protected":false},"author":1,"featured_media":0,"parent":0,"menu_order":40,"comment_status":"closed","ping_status":"closed","template":"template-fullwidth.php","meta":{"footnotes":""},"class_list":["post-14","page","type-page","status-publish","hentry"],"_links":{"self":[{"href":"https:\/\/kruszwicapro.com\/cs\/wp-json\/wp\/v2\/pages\/14","targetHints":{"allow":["GET"]}}],"collection":[{"href":"https:\/\/kruszwicapro.com\/cs\/wp-json\/wp\/v2\/pages"}],"about":[{"href":"https:\/\/kruszwicapro.com\/cs\/wp-json\/wp\/v2\/types\/page"}],"author":[{"embeddable":true,"href":"https:\/\/kruszwicapro.com\/cs\/wp-json\/wp\/v2\/users\/1"}],"replies":[{"embeddable":true,"href":"https:\/\/kruszwicapro.com\/cs\/wp-json\/wp\/v2\/comments?post=14"}],"version-history":[{"count":3,"href":"https:\/\/kruszwicapro.com\/cs\/wp-json\/wp\/v2\/pages\/14\/revisions"}],"predecessor-version":[{"id":13045,"href":"https:\/\/kruszwicapro.com\/cs\/wp-json\/wp\/v2\/pages\/14\/revisions\/13045"}],"wp:attachment":[{"href":"https:\/\/kruszwicapro.com\/cs\/wp-json\/wp\/v2\/media?parent=14"}],"curies":[{"name":"wp","href":"https:\/\/api.w.org\/{rel}","templated":true}]}}