{"id":10429,"date":"2018-01-18T12:48:27","date_gmt":"2018-01-18T12:48:27","guid":{"rendered":"http:\/\/kruszwica.b2bpowergroup.com\/?page_id=10429"},"modified":"2022-07-19T06:16:55","modified_gmt":"2022-07-19T06:16:55","slug":"dystrybutorzy","status":"publish","type":"page","link":"https:\/\/kruszwicapro.com\/cs\/dystrybutorzy\/","title":{"rendered":"Distributo\u0159i"},"content":{"rendered":"<div class=\"wpb-content-wrapper\"><p>[vc_row content_placement=&#8220;middle&#8220; parallax=&#8220;content-moving&#8220; parallax_image=&#8220;11330&#8243; css=&#8220;.vc_custom_1526311186063{background-position: center;background-repeat: no-repeat !important;background-size: cover !important;}&#8220; el_class=&#8220;no-desktop-paddings&#8220;][vc_column css=&#8220;.vc_custom_1508433817683{padding-top: 0px !important;padding-right: 0px !important;padding-bottom: 0px !important;padding-left: 0px !important;}&#8220;][vc_row_inner content_placement=&#8220;middle&#8220; css=&#8220;.vc_custom_1519056751196{margin-top: 20px !important;margin-right: 20px !important;margin-bottom: 20px !important;margin-left: 20px !important;border-top-width: 2px !important;border-right-width: 2px !important;border-bottom-width: 2px !important;border-left-width: 2px !important;padding-top: 80px !important;padding-bottom: 80px !important;border-left-color: #ffffff !important;border-left-style: dotted !important;border-right-color: #ffffff !important;border-right-style: dotted !important;border-top-color: #ffffff !important;border-top-style: dotted !important;border-bottom-color: #ffffff !important;border-bottom-style: dotted !important;}&#8220;][vc_column_inner css=&#8220;.vc_custom_1508433823874{padding-top: 0px !important;padding-right: 0px !important;padding-bottom: 0px !important;padding-left: 0px !important;}&#8220;][vc_custom_heading text=&#8220;Jsme hrd\u00ed na na\u0161e distributory&#8220; font_container=&#8220;tag:h2|font_size:36|text_align:center|color:%23ffffff|line_height:1&#8243; google_fonts=&#8220;font_family:Merriweather%3A300%2C300italic%2Cregular%2Citalic%2C700%2C700italic%2C900%2C900italic|font_style:700%20bold%20regular%3A700%3Anormal&#8220; css=&#8220;.vc_custom_1522146650663{padding-top: 80px !important;padding-bottom: 80px !important;}&#8220;][\/vc_column_inner][\/vc_row_inner][\/vc_column][\/vc_row][vc_section css=&#8220;.vc_custom_1519150012462{margin-top: 60px !important;border-bottom-width: 1px !important;border-bottom-color: #ededed !important;border-bottom-style: solid !important;}&#8220;][vc_row equal_height=&#8220;yes&#8220; content_placement=&#8220;middle&#8220;][vc_column width=&#8220;1\/2&#8243;][vc_single_image image=&#8220;10440&#8243; img_size=&#8220;large&#8220; alignment=&#8220;center&#8220; style=&#8220;vc_box_rounded&#8220;][\/vc_column][vc_column width=&#8220;1\/2&#8243; css=&#8220;.vc_custom_1519149053357{padding-top: 30px !important;}&#8220;][vc_single_image image=&#8220;10532&#8243; img_size=&#8220;full&#8220; css=&#8220;.vc_custom_1519147783005{margin-bottom: 40px !important;}&#8220;][vc_column_text css=&#8220;.vc_custom_1516284019676{padding-bottom: 30px !important;}&#8220;]<\/p>\r\n<h2>IREKS ENZYMA s.r.o.<\/h2>\r\n<p>K\u0161\u00edrova 257<br \/>\r\n619 00 Brno<\/p>\r\n<p><strong>Tel.:<\/strong> +420 543 250 155<br \/>\r\n<strong>Fax:<\/strong> +420 543 250 159<br \/>\r\n<strong>Email:<\/strong> <a href=\"mailto:info@ireks-enzyma.cz\" target=\"_blank\" rel=\"noopener noreferrer\">info@ireks-enzyma.cz<\/a>[\/vc_column_text][\/vc_column][vc_column css=&#8220;.vc_custom_1519148433261{margin-top: 50px !important;margin-bottom: 50px !important;}&#8220;][vc_column_text css=&#8220;.vc_custom_1519148881735{margin-bottom: 60px !important;}&#8220;]V\u00fdrobce peka\u0159sk\u00fdch sm\u011bs\u00ed prvot\u0159\u00eddn\u00ed kvality s vedouc\u00ed pozic\u00ed na trhu zlep\u0161uj\u00edc\u00edch p\u0159\u00edpravk\u016f, sm\u011bs\u00ed a speci\u00e1ln\u00edch surovin pro pek\u00e1rny a cukr\u00e1rny. Spole\u010dnost s histori\u00ed od roku 1991, kter\u00e1 od roku 1999 pat\u0159\u00ed ke skupin\u011b IREKS. IREKS je partnerem peka\u0159\u016f a cukr\u00e1\u0159\u016f po cel\u00e9m sv\u011bt\u011b, a to pomoc\u00ed: siln\u00e9ho z\u00e1kaznick\u00e9ho servisu, glob\u00e1ln\u00ed s\u00edt\u011b partnersk\u00fdch spole\u010dnost\u00ed, atraktivn\u00edch \u0161kolen\u00ed a semin\u00e1\u0159\u016f, tv\u016fr\u010d\u00edch koncept\u016f pro marketing a prodej a rozmanit\u00e9 podpory ve v\u0161ech ot\u00e1zk\u00e1ch t\u00fdkaj\u00edc\u00edch se pek\u00e1ren a cukr\u00e1ren.[\/vc_column_text][aone_features fixed_column_width=&#8220;&#8220; enable_separator=&#8220;yes&#8220; heading_color=&#8220;#333333&#8243; heading_color_hover=&#8220;#333333&#8243; heading_font_weight=&#8220;400&#8243; heading_margin=&#8220;30px 0&#8243; text_font_weight=&#8220;400&#8243; link_font_weight=&#8220;400&#8243; icon_size=&#8220;40&#8243; icon_color=&#8220;#005488&#8243; icon_color_hover=&#8220;#3d92d0&#8243; icon_wrap_size=&#8220;64&#8243; icon_use_wrap=&#8220;yes&#8220; icon_wrap_radius=&#8220;200&#8243; icon_wrap_border_width=&#8220;2&#8243; icon_wrap_border=&#8220;#005488&#8243; icon_wrap_border_hover=&#8220;#3d92d0&#8243; list_content=&#8220;%5B%7B%22icon_type%22%3A%22font%22%2C%22custom_icon_font%22%3A%22fa%20fa-users%22%2C%22icon_openiconic%22%3A%22vc-oi%20vc-oi-dial%22%2C%22icon_typicons%22%3A%22typcn%20typcn-adjust-brightness%22%2C%22icon_entypo%22%3A%22entypo-icon%20entypo-icon-note%22%2C%22icon_linecons%22%3A%22vc_li%20vc_li-heart%22%2C%22feature_title%22%3A%22Siln%C3%BD%20z%C3%A1kaznick%C3%BD%20servis%22%7D%2C%7B%22icon_type%22%3A%22font%22%2C%22custom_icon_font%22%3A%22fa%20fa-graduation-cap%22%2C%22icon_openiconic%22%3A%22vc-oi%20vc-oi-dial%22%2C%22icon_typicons%22%3A%22typcn%20typcn-adjust-brightness%22%2C%22icon_entypo%22%3A%22entypo-icon%20entypo-icon-note%22%2C%22icon_linecons%22%3A%22vc_li%20vc_li-heart%22%2C%22feature_title%22%3A%22Atraktivn%C3%AD%20%C5%A1kolen%C3%AD%22%7D%2C%7B%22icon_type%22%3A%22font%22%2C%22custom_icon_font%22%3A%22fa%20fa-globe%22%2C%22icon_openiconic%22%3A%22vc-oi%20vc-oi-dial%22%2C%22icon_typicons%22%3A%22typcn%20typcn-adjust-brightness%22%2C%22icon_entypo%22%3A%22entypo-icon%20entypo-icon-note%22%2C%22icon_linecons%22%3A%22vc_li%20vc_li-heart%22%2C%22feature_title%22%3A%22Glob%C3%A1ln%C3%AD%20s%C3%ADt%CB%87%20partner%C5%AF%22%7D%5D&#8220;][\/vc_column][\/vc_row][\/vc_section][vc_section css=&#8220;.vc_custom_1516284072685{border-bottom-width: 1px !important;padding-top: 60px !important;padding-bottom: 60px !important;border-bottom-color: #ededed !important;border-bottom-style: solid !important;}&#8220;][vc_row content_placement=&#8220;middle&#8220;][vc_column width=&#8220;1\/2&#8243;][vc_single_image image=&#8220;10450&#8243; img_size=&#8220;large&#8220; alignment=&#8220;center&#8220; style=&#8220;vc_box_rounded&#8220;][\/vc_column][vc_column width=&#8220;1\/2&#8243; css=&#8220;.vc_custom_1519149047486{padding-top: 30px !important;}&#8220;][vc_single_image image=&#8220;10533&#8243; img_size=&#8220;full&#8220; css=&#8220;.vc_custom_1519147773559{margin-bottom: 40px !important;}&#8220;][vc_column_text css=&#8220;.vc_custom_1516284010868{padding-bottom: 30px !important;}&#8220;]<\/p>\r\n<h2>PE\u0160EK &#8211; RAMBOUSEK s.r.o.<\/h2>\r\n<p>U Ploch\u00e9 dr\u00e1hy 1958<br \/>\r\n274 01 Slan\u00fd<\/p>\r\n<p><strong>Tel.:<\/strong> 312 522 129 (mobil: 602 276 432)<br \/>\r\n<strong>Tel\/fax:<\/strong> 312 526 294 (mobil: 602 371 075)<br \/>\r\n<strong>Email:<\/strong> <a href=\"mailto:info@pesek-rambousek.cz\" target=\"_blank\" rel=\"noopener noreferrer\">info@pesek-rambousek.cz<\/a>[\/vc_column_text][\/vc_column][vc_column css=&#8220;.vc_custom_1519149362847{margin-top: 50px !important;margin-bottom: 50px !important;}&#8220;][vc_column_text css=&#8220;.vc_custom_1519149391118{margin-bottom: 60px !important;}&#8220;]Distributor, kter\u00fd se zab\u00fdv\u00e1 n\u00e1kupem a prodejem surovin pro peka\u0159e , cukr\u00e1\u0159e, lah\u016fdk\u00e1\u0159e a gastronomii. Spole\u010dnost s\u00a0histori\u00ed od roku 1991, kter\u00e1 s\u00a0postupem \u010dasu neust\u00e1le roz\u0161i\u0159uje sortiment . Krom\u011b z\u00e1kladn\u00edch surovin nab\u00edz\u00ed i speci\u00e1ln\u00ed suroviny, jako zlep\u0161uj\u00edc\u00ed p\u0159\u00edpravky, pomocn\u00fd cukr\u00e1\u0159sk\u00fd a peka\u0159sk\u00fd materi\u00e1l. C\u00edlem spole\u010dnosti je nab\u00edzet z\u00e1kazn\u00edk\u016fm kvalitn\u00ed slu\u017eby, \u0161irok\u00fd sortiment, zbo\u017e\u00ed konstantn\u00ed kvality a dobr\u00e9 ceny.[\/vc_column_text][aone_features fixed_column_width=&#8220;&#8220; enable_separator=&#8220;yes&#8220; heading_color=&#8220;#333333&#8243; heading_color_hover=&#8220;#333333&#8243; heading_font_weight=&#8220;400&#8243; heading_margin=&#8220;30px 0&#8243; text_font_weight=&#8220;400&#8243; link_font_weight=&#8220;400&#8243; icon_size=&#8220;40&#8243; icon_color=&#8220;#005488&#8243; icon_color_hover=&#8220;#3d92d0&#8243; icon_wrap_size=&#8220;64&#8243; icon_use_wrap=&#8220;yes&#8220; icon_wrap_radius=&#8220;200&#8243; icon_wrap_border_width=&#8220;2&#8243; icon_wrap_border=&#8220;#005488&#8243; icon_wrap_border_hover=&#8220;#3d92d0&#8243; list_content=&#8220;%5B%7B%22icon_type%22%3A%22font%22%2C%22custom_icon_font%22%3A%22fa%20fa-thumbs-o-up%22%2C%22icon_openiconic%22%3A%22vc-oi%20vc-oi-dial%22%2C%22icon_typicons%22%3A%22typcn%20typcn-adjust-brightness%22%2C%22icon_entypo%22%3A%22entypo-icon%20entypo-icon-note%22%2C%22icon_linecons%22%3A%22vc_li%20vc_li-heart%22%2C%22feature_title%22%3A%22Vysok%C3%A1%20kvalita%20slu%C5%BEeb%22%7D%2C%7B%22icon_type%22%3A%22font%22%2C%22custom_icon_font%22%3A%22fa%20fa-cubes%22%2C%22icon_openiconic%22%3A%22vc-oi%20vc-oi-dial%22%2C%22icon_typicons%22%3A%22typcn%20typcn-adjust-brightness%22%2C%22icon_entypo%22%3A%22entypo-icon%20entypo-icon-note%22%2C%22icon_linecons%22%3A%22vc_li%20vc_li-heart%22%2C%22feature_title%22%3A%22%C5%A0irok%C3%BD%20sortiment%22%7D%2C%7B%22icon_type%22%3A%22font%22%2C%22custom_icon_font%22%3A%22fa%20fa-star%22%2C%22icon_openiconic%22%3A%22vc-oi%20vc-oi-dial%22%2C%22icon_typicons%22%3A%22typcn%20typcn-adjust-brightness%22%2C%22icon_entypo%22%3A%22entypo-icon%20entypo-icon-note%22%2C%22icon_linecons%22%3A%22vc_li%20vc_li-heart%22%2C%22feature_title%22%3A%22Vysok%C3%A1%20jakost%20a%20dobr%C3%A1%20cena%22%7D%5D&#8220;][\/vc_column][\/vc_row][\/vc_section]<\/p><\/div>","protected":false},"excerpt":{"rendered":"<p>[vc_row content_placement=&#8220;middle&#8220; parallax=&#8220;content-moving&#8220; parallax_image=&#8220;11330&#8243; css=&#8220;.vc_custom_1526311186063{background-position: center;background-repeat: no-repeat !important;background-size: cover !important;}&#8220; el_class=&#8220;no-desktop-paddings&#8220;][vc_column css=&#8220;.vc_custom_1508433817683{padding-top: 0px !important;padding-right: 0px !important;padding-bottom: 0px !important;padding-left: 0px !important;}&#8220;][vc_row_inner [&hellip;]<\/p>\n","protected":false},"author":1,"featured_media":0,"parent":0,"menu_order":21,"comment_status":"closed","ping_status":"closed","template":"template-homepage.php","meta":{"footnotes":""},"class_list":["post-10429","page","type-page","status-publish","hentry"],"_links":{"self":[{"href":"https:\/\/kruszwicapro.com\/cs\/wp-json\/wp\/v2\/pages\/10429","targetHints":{"allow":["GET"]}}],"collection":[{"href":"https:\/\/kruszwicapro.com\/cs\/wp-json\/wp\/v2\/pages"}],"about":[{"href":"https:\/\/kruszwicapro.com\/cs\/wp-json\/wp\/v2\/types\/page"}],"author":[{"embeddable":true,"href":"https:\/\/kruszwicapro.com\/cs\/wp-json\/wp\/v2\/users\/1"}],"replies":[{"embeddable":true,"href":"https:\/\/kruszwicapro.com\/cs\/wp-json\/wp\/v2\/comments?post=10429"}],"version-history":[{"count":3,"href":"https:\/\/kruszwicapro.com\/cs\/wp-json\/wp\/v2\/pages\/10429\/revisions"}],"predecessor-version":[{"id":13041,"href":"https:\/\/kruszwicapro.com\/cs\/wp-json\/wp\/v2\/pages\/10429\/revisions\/13041"}],"wp:attachment":[{"href":"https:\/\/kruszwicapro.com\/cs\/wp-json\/wp\/v2\/media?parent=10429"}],"curies":[{"name":"wp","href":"https:\/\/api.w.org\/{rel}","templated":true}]}}