{"id":10066,"date":"2017-08-14T09:56:10","date_gmt":"2017-08-14T09:56:10","guid":{"rendered":"http:\/\/a-one-demo.yumecommerce.com\/?page_id=10066"},"modified":"2022-12-12T23:17:15","modified_gmt":"2022-12-12T23:17:15","slug":"main-7","status":"publish","type":"page","link":"https:\/\/kruszwicapro.com\/cs\/","title":{"rendered":"KruszwicaPro"},"content":{"rendered":"<div class=\"wpb-content-wrapper\"><p>[vc_column css=&#8220;.vc_custom_1508433817683{padding-top: 0px !important;padding-right: 0px !important;padding-bottom: 0px !important;padding-left: 0px !important;}&#8220;][\/vc_column][vc_section css=&#8220;.vc_custom_1508428845838{margin-top: 0px !important;margin-right: 0px !important;margin-bottom: 0px !important;margin-left: 0px !important;padding-top: 0px !important;padding-right: 0px !important;padding-bottom: 0px !important;padding-left: 0px !important;}&#8220;][vc_row content_placement=&#8220;middle&#8220; video_bg=&#8220;yes&#8220; video_bg_url=&#8220;https:\/\/www.youtube.com\/watch?v=JqyJUGRA6RM&#8220; video_bg_parallax=&#8220;content-moving&#8220; css=&#8220;.vc_custom_1664963542341{background-image: url(https:\/\/kruszwicapro.com\/wp-content\/uploads\/2018\/02\/video_bg.jpg?id=10985) !important;}&#8220; el_class=&#8220;no-desktop-paddings&#8220;][vc_column][vc_row_inner content_placement=&#8220;middle&#8220; css=&#8220;.vc_custom_1658215248945{margin-top: 20px !important;margin-right: 20px !important;margin-bottom: 20px !important;margin-left: 20px !important;border-top-width: 2px !important;border-right-width: 2px !important;border-bottom-width: 2px !important;border-left-width: 2px !important;padding-top: 80px !important;padding-bottom: 80px !important;border-left-style: dotted !important;border-right-style: dotted !important;border-top-style: dotted !important;border-bottom-style: dotted !important;}&#8220;][vc_column_inner][vc_custom_heading text=&#8220;Pro nejn\u00e1ro\u010dn\u011bj\u0161\u00ed profesion\u00e1ly&#8220; font_container=&#8220;tag:h1|font_size:36|text_align:center|color:%23ffffff|line_height:1&#8243; google_fonts=&#8220;font_family:Merriweather%3A300%2C300italic%2Cregular%2Citalic%2C700%2C700italic%2C900%2C900italic|font_style:700%20bold%20regular%3A700%3Anormal&#8220;][vc_btn title=&#8220;Ov\u011b\u0159it nejlep\u0161\u00ed margar\u00edny na pe\u010den\u00ed&#8220; shape=&#8220;round&#8220; color=&#8220;white&#8220; align=&#8220;center&#8220; i_icon_fontawesome=&#8220;fas fa-play&#8220; css_animation=&#8220;fadeInUp&#8220; add_icon=&#8220;true&#8220; link=&#8220;url:%2Ftag-produktu%2Fna-peceni%2F|title:Ov%C4%9B%C5%99it%20nejlep%C5%A1%C3%AD%20margar%C3%ADny%20na%20pe%C4%8Den%C3%AD&#8220; css=&#8220;.vc_custom_1662989328577{margin-top: 30px !important;}&#8220;][\/vc_column_inner][\/vc_row_inner][\/vc_column][\/vc_row][vc_row][vc_column][vc_row_inner equal_height=&#8220;yes&#8220; gap=&#8220;5&#8243; css=&#8220;.vc_custom_1569337512604{margin-top: 10px !important;margin-bottom: 40px !important;}&#8220;][vc_column_inner width=&#8220;1\/4&#8243; css=&#8220;.vc_custom_1569333721494{margin-top: 10px !important;margin-right: 10px !important;margin-bottom: 10px !important;margin-left: 10px !important;border-top-width: 1px !important;border-right-width: 1px !important;border-bottom-width: 1px !important;border-left-width: 1px !important;padding-top: 10px !important;padding-right: 10px !important;padding-bottom: 10px !important;padding-left: 10px !important;border-left-color: #eeeeee !important;border-left-style: solid !important;border-right-color: #eeeeee !important;border-right-style: solid !important;border-top-color: #eeeeee !important;border-top-style: solid !important;border-bottom-color: #eeeeee !important;border-bottom-style: solid !important;border-radius: 4px !important;}&#8220;][vc_single_image image=&#8220;13697&#8243; img_size=&#8220;full&#8220; alignment=&#8220;center&#8220; onclick=&#8220;custom_link&#8220; css_animation=&#8220;fadeIn&#8220; link=&#8220;shop\/margaryny\/maestra-puff-pastry-mb\/&#8220; el_class=&#8220;zoomimage&#8220; css=&#8220;.vc_custom_1670887031888{padding-top: 30px !important;padding-bottom: 35px !important;}&#8220;][vc_column_text css_animation=&#8220;none&#8220;]<\/p>\r\n<h4 class=\"product_title entry-title\"><a href=\"\/shop\/margaryny\/maestra-puff-pastry-mb\/\"><strong>Maestra Puff Pastry MB<\/strong><\/a><\/h4>\r\n<p>[\/vc_column_text][\/vc_column_inner][vc_column_inner width=&#8220;1\/4&#8243; css=&#8220;.vc_custom_1569333744629{margin-top: 10px !important;margin-right: 10px !important;margin-bottom: 10px !important;margin-left: 10px !important;border-top-width: 1px !important;border-right-width: 1px !important;border-bottom-width: 1px !important;border-left-width: 1px !important;padding-top: 10px !important;padding-right: 10px !important;padding-bottom: 10px !important;padding-left: 10px !important;border-left-color: #eeeeee !important;border-left-style: solid !important;border-right-color: #eeeeee !important;border-right-style: solid !important;border-top-color: #eeeeee !important;border-top-style: solid !important;border-bottom-color: #eeeeee !important;border-bottom-style: solid !important;border-radius: 4px !important;}&#8220;][vc_single_image image=&#8220;12194&#8243; img_size=&#8220;large&#8220; alignment=&#8220;center&#8220; onclick=&#8220;custom_link&#8220; css_animation=&#8220;fadeIn&#8220; link=&#8220;\/shop\/oleje\/english-maestro-freshness\/&#8220; el_class=&#8220;zoomimage&#8220; css=&#8220;.vc_custom_1670855141300{padding-bottom: 30px !important;}&#8220;][vc_column_text css_animation=&#8220;none&#8220;]<\/p>\r\n<h4 class=\"product_title entry-title\"><a href=\"\/shop\/oleje\/english-maestro-freshness\/\"><strong>Maestro \u015awie\u017co\u015b\u0107 [\u010derstvost]<\/strong><\/a><\/h4>\r\n<p>[\/vc_column_text][\/vc_column_inner][vc_column_inner width=&#8220;1\/4&#8243; css=&#8220;.vc_custom_1569333756314{margin-top: 10px !important;margin-right: 10px !important;margin-bottom: 10px !important;margin-left: 10px !important;border-top-width: 1px !important;border-right-width: 1px !important;border-bottom-width: 1px !important;border-left-width: 1px !important;padding-top: 10px !important;padding-right: 10px !important;padding-bottom: 10px !important;padding-left: 10px !important;border-left-color: #eeeeee !important;border-left-style: solid !important;border-right-color: #eeeeee !important;border-right-style: solid !important;border-top-color: #eeeeee !important;border-top-style: solid !important;border-bottom-color: #eeeeee !important;border-bottom-style: solid !important;border-radius: 4px !important;}&#8220;][vc_single_image image=&#8220;13662&#8243; img_size=&#8220;full&#8220; alignment=&#8220;center&#8220; onclick=&#8220;custom_link&#8220; css_animation=&#8220;fadeIn&#8220; link=&#8220;\/shop\/oleje\/olej-s-maslovou-esenci\/&#8220; el_class=&#8220;zoomimage&#8220;][vc_column_text css_animation=&#8220;none&#8220;]<\/p>\r\n<h4 class=\"product_title entry-title\"><a href=\"shop\/oleje\/olej-s-maslovou-esenci\/\"><strong>Olej s m\u00e1slovou esenc\u00ed<\/strong><\/a><\/h4>\r\n<p>[\/vc_column_text][\/vc_column_inner][vc_column_inner width=&#8220;1\/4&#8243; css=&#8220;.vc_custom_1569333764901{margin-top: 10px !important;margin-right: 10px !important;margin-bottom: 10px !important;margin-left: 10px !important;border-top-width: 1px !important;border-right-width: 1px !important;border-bottom-width: 1px !important;border-left-width: 1px !important;padding-top: 10px !important;padding-right: 10px !important;padding-bottom: 10px !important;padding-left: 10px !important;border-left-color: #eeeeee !important;border-left-style: solid !important;border-right-color: #eeeeee !important;border-right-style: solid !important;border-top-color: #eeeeee !important;border-top-style: solid !important;border-bottom-color: #eeeeee !important;border-bottom-style: solid !important;border-radius: 4px !important;}&#8220;][vc_single_image image=&#8220;13690&#8243; img_size=&#8220;full&#8220; alignment=&#8220;center&#8220; onclick=&#8220;custom_link&#8220; css_animation=&#8220;fadeIn&#8220; link=&#8220;\/shop\/fritovaci-tuky\/maestro-gold\/&#8220; el_class=&#8220;zoomimage&#8220; css=&#8220;.vc_custom_1670855408755{padding-top: 25px !important;padding-bottom: 20px !important;}&#8220;][vc_column_text css_animation=&#8220;none&#8220;]<\/p>\r\n<h4 class=\"product_title entry-title\"><a href=\"shop\/fritovaci-tuky\/maestro-gold\/\"><strong>Maestro Gold<\/strong><\/a><\/h4>\r\n<p>[\/vc_column_text][\/vc_column_inner][\/vc_row_inner][\/vc_column][\/vc_row][vc_row content_placement=&#8220;middle&#8220; css=&#8220;.vc_custom_1664963656635{background-image: url(https:\/\/kruszwicapro.com\/wp-content\/uploads\/2017\/08\/bgimg_02.jpg?id=10701) !important;background-position: center !important;background-repeat: no-repeat !important;background-size: cover !important;}&#8220; el_class=&#8220;no-desktop-paddings&#8220;][vc_column css=&#8220;.vc_custom_1508433639363{padding-top: 0px !important;padding-right: 0px !important;padding-bottom: 0px !important;padding-left: 0px !important;}&#8220;][vc_row_inner content_placement=&#8220;middle&#8220; css=&#8220;.vc_custom_1516959069698{margin-top: 20px !important;margin-right: 20px !important;margin-bottom: 20px !important;margin-left: 20px !important;border-top-width: 2px !important;border-right-width: 2px !important;border-bottom-width: 2px !important;border-left-width: 2px !important;padding-top: 60px !important;padding-bottom: 60px !important;border-left-color: #ffffff !important;border-left-style: dotted !important;border-right-color: #ffffff !important;border-right-style: dotted !important;border-top-color: #ffffff !important;border-top-style: dotted !important;border-bottom-color: #ffffff !important;border-bottom-style: dotted !important;}&#8220;][vc_column_inner][vc_custom_heading text=&#8220;A\u0165 se Va\u0161e v\u00fdrobky da\u0159\u00ed&#8220; font_container=&#8220;tag:h2|font_size:36|text_align:center|color:%23ffffff|line_height:1&#8243; google_fonts=&#8220;font_family:Merriweather%3A300%2C300italic%2Cregular%2Citalic%2C700%2C700italic%2C900%2C900italic|font_style:700%20bold%20regular%3A700%3Anormal&#8220;][vc_btn title=&#8220;Ov\u011b\u0159it margar\u00edny na listuj\u00edc\u00ed t\u011bsta&#8220; shape=&#8220;round&#8220; color=&#8220;white&#8220; align=&#8220;center&#8220; i_icon_fontawesome=&#8220;fas fa-play&#8220; css_animation=&#8220;fadeInUp&#8220; add_icon=&#8220;true&#8220; link=&#8220;url:%2Ftag-produktu%2Fdo-ciast-listkujacych%2F|title:Ov%C4%9B%C5%99it%20margar%C3%ADny%20na%20listuj%C3%ADc%C3%AD%20t%C4%9Bsta&#8220; css=&#8220;.vc_custom_1662989379103{padding-top: 30px !important;}&#8220;][\/vc_column_inner][\/vc_row_inner][\/vc_column][\/vc_row][\/vc_section][vc_row][vc_column][vc_row_inner equal_height=&#8220;yes&#8220; gap=&#8220;5&#8243; css=&#8220;.vc_custom_1569338257716{margin-bottom: 40px !important;}&#8220;][vc_column_inner width=&#8220;1\/3&#8243; css=&#8220;.vc_custom_1569333721494{margin-top: 10px !important;margin-right: 10px !important;margin-bottom: 10px !important;margin-left: 10px !important;border-top-width: 1px !important;border-right-width: 1px !important;border-bottom-width: 1px !important;border-left-width: 1px !important;padding-top: 10px !important;padding-right: 10px !important;padding-bottom: 10px !important;padding-left: 10px !important;border-left-color: #eeeeee !important;border-left-style: solid !important;border-right-color: #eeeeee !important;border-right-style: solid !important;border-top-color: #eeeeee !important;border-top-style: solid !important;border-bottom-color: #eeeeee !important;border-bottom-style: solid !important;border-radius: 4px !important;}&#8220;][vc_single_image image=&#8220;10164&#8243; img_size=&#8220;full&#8220; alignment=&#8220;center&#8220; onclick=&#8220;custom_link&#8220; css_animation=&#8220;fadeIn&#8220; link=&#8220;\/shop\/margaryny\/maestra-with-butter-essence-delicate-puff-pastry-mb\/&#8220; el_class=&#8220;zoomimage&#8220;][vc_column_text css_animation=&#8220;none&#8220;]<\/p>\r\n<h4 class=\"product_title entry-title\"><a href=\"\/shop\/margaryny\/maestra-with-butter-essence-delicate-puff-pastry-mb\/\"><strong>Maestra Delicate s esenc\u00ed m\u00e1sla Puff Pastry MB<\/strong><\/a><\/h4>\r\n<p>[\/vc_column_text][\/vc_column_inner][vc_column_inner width=&#8220;1\/3&#8243; css=&#8220;.vc_custom_1569333744629{margin-top: 10px !important;margin-right: 10px !important;margin-bottom: 10px !important;margin-left: 10px !important;border-top-width: 1px !important;border-right-width: 1px !important;border-bottom-width: 1px !important;border-left-width: 1px !important;padding-top: 10px !important;padding-right: 10px !important;padding-bottom: 10px !important;padding-left: 10px !important;border-left-color: #eeeeee !important;border-left-style: solid !important;border-right-color: #eeeeee !important;border-right-style: solid !important;border-top-color: #eeeeee !important;border-top-style: solid !important;border-bottom-color: #eeeeee !important;border-bottom-style: solid !important;border-radius: 4px !important;}&#8220;][vc_single_image image=&#8220;10184&#8243; img_size=&#8220;full&#8220; alignment=&#8220;center&#8220; onclick=&#8220;custom_link&#8220; css_animation=&#8220;fadeIn&#8220; link=&#8220;\/shop\/margaryny\/maestra-puff-pastry-mb\/&#8220; el_class=&#8220;zoomimage&#8220;][vc_column_text css_animation=&#8220;none&#8220;]<\/p>\r\n<h4 class=\"product_title entry-title\"><a href=\"\/shop\/margaryny\/maestra-puff-pastry-mb\/\"><strong>Maestra Puff Pastry MB<\/strong><\/a><\/h4>\r\n<p>[\/vc_column_text][\/vc_column_inner][vc_column_inner width=&#8220;1\/3&#8243; css=&#8220;.vc_custom_1569333756314{margin-top: 10px !important;margin-right: 10px !important;margin-bottom: 10px !important;margin-left: 10px !important;border-top-width: 1px !important;border-right-width: 1px !important;border-bottom-width: 1px !important;border-left-width: 1px !important;padding-top: 10px !important;padding-right: 10px !important;padding-bottom: 10px !important;padding-left: 10px !important;border-left-color: #eeeeee !important;border-left-style: solid !important;border-right-color: #eeeeee !important;border-right-style: solid !important;border-top-color: #eeeeee !important;border-top-style: solid !important;border-bottom-color: #eeeeee !important;border-bottom-style: solid !important;border-radius: 4px !important;}&#8220;][vc_single_image image=&#8220;10185&#8243; img_size=&#8220;full&#8220; alignment=&#8220;center&#8220; onclick=&#8220;custom_link&#8220; css_animation=&#8220;fadeIn&#8220; link=&#8220;\/shop\/margaryny\/maestra-puff-pastry-nh-mb\/&#8220; el_class=&#8220;zoomimage&#8220;][vc_column_text css_animation=&#8220;none&#8220;]<\/p>\r\n<h4 class=\"product_title entry-title\"><a href=\"\/shop\/margaryny\/maestra-puff-pastry-nh-mb\/\"><strong>Maestra Puff Pastry NH MB<\/strong><\/a><\/h4>\r\n<p>[\/vc_column_text][\/vc_column_inner][\/vc_row_inner][\/vc_column][\/vc_row]<\/p><\/div>","protected":false},"excerpt":{"rendered":"<p>[vc_column css=&#8220;.vc_custom_1508433817683{padding-top: 0px !important;padding-right: 0px !important;padding-bottom: 0px !important;padding-left: 0px !important;}&#8220;][\/vc_column][vc_section css=&#8220;.vc_custom_1508428845838{margin-top: 0px !important;margin-right: 0px !important;margin-bottom: 0px !important;margin-left: 0px !important;padding-top: 0px [&hellip;]<\/p>\n","protected":false},"author":1,"featured_media":0,"parent":0,"menu_order":38,"comment_status":"closed","ping_status":"closed","template":"template-homepage.php","meta":{"footnotes":""},"class_list":["post-10066","page","type-page","status-publish","hentry"],"_links":{"self":[{"href":"https:\/\/kruszwicapro.com\/cs\/wp-json\/wp\/v2\/pages\/10066","targetHints":{"allow":["GET"]}}],"collection":[{"href":"https:\/\/kruszwicapro.com\/cs\/wp-json\/wp\/v2\/pages"}],"about":[{"href":"https:\/\/kruszwicapro.com\/cs\/wp-json\/wp\/v2\/types\/page"}],"author":[{"embeddable":true,"href":"https:\/\/kruszwicapro.com\/cs\/wp-json\/wp\/v2\/users\/1"}],"replies":[{"embeddable":true,"href":"https:\/\/kruszwicapro.com\/cs\/wp-json\/wp\/v2\/comments?post=10066"}],"version-history":[{"count":30,"href":"https:\/\/kruszwicapro.com\/cs\/wp-json\/wp\/v2\/pages\/10066\/revisions"}],"predecessor-version":[{"id":13721,"href":"https:\/\/kruszwicapro.com\/cs\/wp-json\/wp\/v2\/pages\/10066\/revisions\/13721"}],"wp:attachment":[{"href":"https:\/\/kruszwicapro.com\/cs\/wp-json\/wp\/v2\/media?parent=10066"}],"curies":[{"name":"wp","href":"https:\/\/api.w.org\/{rel}","templated":true}]}}